{"id":3182,"date":"2025-09-23T09:58:36","date_gmt":"2025-09-23T09:58:36","guid":{"rendered":"https:\/\/filtech.ch\/commander-des-floculants\/"},"modified":"2026-01-29T15:05:10","modified_gmt":"2026-01-29T15:05:10","slug":"commander-des-floculants","status":"publish","type":"page","link":"https:\/\/filtech.ch\/fr\/commander-des-floculants\/","title":{"rendered":"Commander des floculants"},"content":{"rendered":"\t\t<div data-elementor-type=\"wp-page\" data-elementor-id=\"3182\" class=\"elementor elementor-3182 elementor-22\" data-elementor-post-type=\"page\">\n\t\t\t\t<div class=\"elementor-element elementor-element-5f1dffe e-flex e-con-boxed e-con e-parent\" data-id=\"5f1dffe\" data-element_type=\"container\" data-e-type=\"container\">\n\t\t\t\t\t<div class=\"e-con-inner\">\n\t\t<div class=\"elementor-element elementor-element-df4b378 e-con-full e-flex e-con e-child\" data-id=\"df4b378\" data-element_type=\"container\" data-e-type=\"container\">\n\t\t<div class=\"elementor-element elementor-element-a3ea5a4 e-con-full e-flex e-con e-child\" data-id=\"a3ea5a4\" data-element_type=\"container\" data-e-type=\"container\">\n\t\t\t\t<div class=\"elementor-element elementor-element-75fb7e1 elementor-widget elementor-widget-heading\" data-id=\"75fb7e1\" data-element_type=\"widget\" data-e-type=\"widget\" data-widget_type=\"heading.default\">\n\t\t\t\t\t<h1 class=\"elementor-heading-title elementor-size-default\">Floculants <\/h1>\t\t\t\t<\/div>\n\t\t\t\t<div class=\"elementor-element elementor-element-5c840f1 elementor-widget elementor-widget-text-editor\" data-id=\"5c840f1\" data-element_type=\"widget\" data-e-type=\"widget\" data-widget_type=\"text-editor.default\">\n\t\t\t\t\t\t\t\t\t<p>Nous vous fournissons des floculants de haute qualit\u00e9 pour une s\u00e9paration solide-liquide efficace, adapt\u00e9s \u00e0 votre installation et \u00e0 votre proc\u00e9d\u00e9.<\/p>\t\t\t\t\t\t\t\t<\/div>\n\t\t\t\t<\/div>\n\t\t<div class=\"elementor-element elementor-element-ef74f14 e-con-full e-flex e-con e-child\" data-id=\"ef74f14\" data-element_type=\"container\" data-e-type=\"container\">\n\t\t\t\t<div class=\"elementor-element elementor-element-0632e3f elementor-widget elementor-widget-image\" data-id=\"0632e3f\" data-element_type=\"widget\" data-e-type=\"widget\" data-widget_type=\"image.default\">\n\t\t\t\t\t\t\t\t\t\t\t\t\t\t\t<img fetchpriority=\"high\" decoding=\"async\" width=\"800\" height=\"534\" src=\"https:\/\/filtech.ch\/wp-content\/uploads\/2025\/12\/AdobeStock_988185868-1024x683.jpg\" class=\"attachment-large size-large wp-image-3181\" alt=\"\" srcset=\"https:\/\/filtech.ch\/wp-content\/uploads\/2025\/12\/AdobeStock_988185868-1024x683.jpg 1024w, https:\/\/filtech.ch\/wp-content\/uploads\/2025\/12\/AdobeStock_988185868-300x200.jpg 300w, https:\/\/filtech.ch\/wp-content\/uploads\/2025\/12\/AdobeStock_988185868-768x512.jpg 768w, https:\/\/filtech.ch\/wp-content\/uploads\/2025\/12\/AdobeStock_988185868.jpg 1500w\" sizes=\"(max-width: 800px) 100vw, 800px\" \/>\t\t\t\t\t\t\t\t\t\t\t\t\t\t\t<\/div>\n\t\t\t\t<\/div>\n\t\t\t\t<\/div>\n\t\t\t\t\t<\/div>\n\t\t\t\t<\/div>\n\t\t<div class=\"elementor-element elementor-element-c7a9128 e-flex e-con-boxed e-con e-parent\" data-id=\"c7a9128\" data-element_type=\"container\" data-e-type=\"container\">\n\t\t\t\t\t<div class=\"e-con-inner\">\n\t\t<div class=\"elementor-element elementor-element-a3c4d68 e-con-full e-flex e-con e-child\" data-id=\"a3c4d68\" data-element_type=\"container\" data-e-type=\"container\" data-settings=\"{&quot;background_background&quot;:&quot;classic&quot;}\">\n\t\t\t\t<div class=\"elementor-element elementor-element-f05850f elementor-widget elementor-widget-heading\" data-id=\"f05850f\" data-element_type=\"widget\" data-e-type=\"widget\" data-widget_type=\"heading.default\">\n\t\t\t\t\t<h2 class=\"elementor-heading-title elementor-size-default\">Commander maintenant<\/h2>\t\t\t\t<\/div>\n\t\t\t\t<div class=\"elementor-element elementor-element-6515e6d elementor-button-align-end custom-form elementor-widget elementor-widget-form\" data-id=\"6515e6d\" data-element_type=\"widget\" data-e-type=\"widget\" data-settings=\"{&quot;step_next_label&quot;:&quot;Suivant&quot;,&quot;step_previous_label&quot;:&quot;Retour&quot;,&quot;button_width&quot;:&quot;100&quot;,&quot;step_type&quot;:&quot;number_text&quot;,&quot;step_icon_shape&quot;:&quot;circle&quot;}\" data-widget_type=\"form.default\">\n\t\t\t\t\t\t\t<form class=\"elementor-form\" method=\"post\" name=\"Formulaire de commande de floculants\" aria-label=\"Formulaire de commande de floculants\">\n\t\t\t<input type=\"hidden\" name=\"post_id\" value=\"3182\"\/>\n\t\t\t<input type=\"hidden\" name=\"form_id\" value=\"6515e6d\"\/>\n\t\t\t<input type=\"hidden\" name=\"referer_title\" value=\"Filtech\" \/>\n\n\t\t\t\n\t\t\t<div class=\"elementor-form-fields-wrapper elementor-labels-above\">\n\t\t\t\t\t\t\t\t<div class=\"elementor-field-type-text elementor-field-group elementor-column elementor-field-group-firma elementor-col-50 elementor-field-required elementor-mark-required\">\n\t\t\t\t\t\t\t\t\t\t\t\t<label for=\"form-field-firma\" class=\"elementor-field-label\">\n\t\t\t\t\t\t\t\tEntreprise\t\t\t\t\t\t\t<\/label>\n\t\t\t\t\t\t\t\t\t\t\t\t\t\t<input size=\"1\" type=\"text\" name=\"form_fields[firma]\" id=\"form-field-firma\" class=\"elementor-field elementor-size-sm  elementor-field-textual\" placeholder=\"Entreprise\" required=\"required\">\n\t\t\t\t\t\t\t\t\t\t\t<\/div>\n\t\t\t\t\t\t\t\t<div class=\"elementor-field-type-email elementor-field-group elementor-column elementor-field-group-email elementor-col-50 elementor-field-required elementor-mark-required\">\n\t\t\t\t\t\t\t\t\t\t\t\t<label for=\"form-field-email\" class=\"elementor-field-label\">\n\t\t\t\t\t\t\t\tCourriel\t\t\t\t\t\t\t<\/label>\n\t\t\t\t\t\t\t\t\t\t\t\t\t\t<input size=\"1\" type=\"email\" name=\"form_fields[email]\" id=\"form-field-email\" class=\"elementor-field elementor-size-sm  elementor-field-textual\" placeholder=\"Courriel\" required=\"required\">\n\t\t\t\t\t\t\t\t\t\t\t<\/div>\n\t\t\t\t\t\t\t\t<div class=\"elementor-field-type-number elementor-field-group elementor-column elementor-field-group-field_6d0ac21 elementor-col-50 elementor-field-required elementor-mark-required\">\n\t\t\t\t\t\t\t\t\t\t\t\t<label for=\"form-field-field_6d0ac21\" class=\"elementor-field-label\">\n\t\t\t\t\t\t\t\tQuantit\u00e9\t\t\t\t\t\t\t<\/label>\n\t\t\t\t\t\t\t\t\t<input type=\"number\" name=\"form_fields[field_6d0ac21]\" id=\"form-field-field_6d0ac21\" class=\"elementor-field elementor-size-sm  elementor-field-textual\" placeholder=\"Quantit\u00e9\" required=\"required\" min=\"1\" max=\"30\" >\n\t\t\t\t\t\t<\/div>\n\t\t\t\t\t\t\t\t<div class=\"elementor-field-type-select elementor-field-group elementor-column elementor-field-group-field_054ab30 elementor-col-50 elementor-field-required elementor-mark-required\">\n\t\t\t\t\t\t\t\t\t\t\t\t<label for=\"form-field-field_054ab30\" class=\"elementor-field-label\">\n\t\t\t\t\t\t\t\tConditionnement\t\t\t\t\t\t\t<\/label>\n\t\t\t\t\t\t\t\t<div class=\"elementor-field elementor-select-wrapper remove-before \">\n\t\t\t<div class=\"select-caret-down-wrapper\">\n\t\t\t\t<svg aria-hidden=\"true\" class=\"e-font-icon-svg e-eicon-caret-down\" viewBox=\"0 0 571.4 571.4\" xmlns=\"http:\/\/www.w3.org\/2000\/svg\"><path d=\"M571 393Q571 407 561 418L311 668Q300 679 286 679T261 668L11 418Q0 407 0 393T11 368 36 357H536Q550 357 561 368T571 393Z\"><\/path><\/svg>\t\t\t<\/div>\n\t\t\t<select name=\"form_fields[field_054ab30]\" id=\"form-field-field_054ab30\" class=\"elementor-field-textual elementor-size-sm\" required=\"required\">\n\t\t\t\t\t\t\t\t\t<option value=\"S\u00e9lectionner\">S\u00e9lectionner<\/option>\n\t\t\t\t\t\t\t\t\t<option value=\"IBC 1050\u202fkg\">IBC 1050\u202fkg<\/option>\n\t\t\t\t\t\t\t\t\t<option value=\"F\u00fbt 125\u202fkg\">F\u00fbt 125\u202fkg<\/option>\n\t\t\t\t\t\t\t\t\t<option value=\"Bidon 25\u202fkg\">Bidon 25\u202fkg<\/option>\n\t\t\t\t\t\t\t\t\t<option value=\"Sac poudre 25\u202fkg\">Sac poudre 25\u202fkg<\/option>\n\t\t\t\t\t\t\t\t\t<option value=\"Big bag poudre 750\u202fkg\">Big bag poudre 750\u202fkg<\/option>\n\t\t\t\t\t\t\t<\/select>\n\t\t<\/div>\n\t\t\t\t\t\t<\/div>\n\t\t\t\t\t\t\t\t<div class=\"elementor-field-type-select elementor-field-group elementor-column elementor-field-group-field_abe9b30 elementor-col-50 elementor-field-required elementor-mark-required\">\n\t\t\t\t\t\t\t\t\t\t\t\t<label for=\"form-field-field_abe9b30\" class=\"elementor-field-label\">\n\t\t\t\t\t\t\t\tType\t\t\t\t\t\t\t<\/label>\n\t\t\t\t\t\t\t\t<div class=\"elementor-field elementor-select-wrapper remove-before \">\n\t\t\t<div class=\"select-caret-down-wrapper\">\n\t\t\t\t<svg aria-hidden=\"true\" class=\"e-font-icon-svg e-eicon-caret-down\" viewBox=\"0 0 571.4 571.4\" xmlns=\"http:\/\/www.w3.org\/2000\/svg\"><path d=\"M571 393Q571 407 561 418L311 668Q300 679 286 679T261 668L11 418Q0 407 0 393T11 368 36 357H536Q550 357 561 368T571 393Z\"><\/path><\/svg>\t\t\t<\/div>\n\t\t\t<select name=\"form_fields[field_abe9b30]\" id=\"form-field-field_abe9b30\" class=\"elementor-field-textual elementor-size-sm\" required=\"required\">\n\t\t\t\t\t\t\t\t\t<option value=\"S\u00e9lectionner\">S\u00e9lectionner<\/option>\n\t\t\t\t\t\t\t\t\t<option value=\"Comme derni\u00e8re livraison\">Comme derni\u00e8re livraison<\/option>\n\t\t\t\t\t\t\t\t\t<option value=\"FL17DW\">FL17DW<\/option>\n\t\t\t\t\t\t\t\t\t<option value=\"FLG\">FLG<\/option>\n\t\t\t\t\t\t\t\t\t<option value=\"FLH\">FLH<\/option>\n\t\t\t\t\t\t\t\t\t<option value=\"EM 17\">EM 17<\/option>\n\t\t\t\t\t\t\t\t\t<option value=\"CP31 HIB\">CP31 HIB<\/option>\n\t\t\t\t\t\t\t\t\t<option value=\"PU 55\">PU 55<\/option>\n\t\t\t\t\t\t\t<\/select>\n\t\t<\/div>\n\t\t\t\t\t\t<\/div>\n\t\t\t\t\t\t\t\t<div class=\"elementor-field-type-date elementor-field-group elementor-column elementor-field-group-liefertermin elementor-col-50\">\n\t\t\t\t\t\t\t\t\t\t\t\t<label for=\"form-field-liefertermin\" class=\"elementor-field-label\">\n\t\t\t\t\t\t\t\tDate de livraison souhait\u00e9e\t\t\t\t\t\t\t<\/label>\n\t\t\t\t\t\t\n\t\t<input type=\"date\" name=\"form_fields[liefertermin]\" id=\"form-field-liefertermin\" class=\"elementor-field elementor-size-sm  elementor-field-textual elementor-date-field elementor-use-native\" placeholder=\"Date de livraison\" pattern=\"[0-9]{4}-[0-9]{2}-[0-9]{2}\">\n\t\t\t\t\t\t<\/div>\n\t\t\t\t\t\t\t\t<div class=\"elementor-field-type-textarea elementor-field-group elementor-column elementor-field-group-message elementor-col-100\">\n\t\t\t\t\t\t\t\t\t\t\t\t<label for=\"form-field-message\" class=\"elementor-field-label\">\n\t\t\t\t\t\t\t\tRemarque\t\t\t\t\t\t\t<\/label>\n\t\t\t\t\t\t<textarea class=\"elementor-field-textual elementor-field  elementor-size-sm\" name=\"form_fields[message]\" id=\"form-field-message\" rows=\"6\" placeholder=\"Message\"><\/textarea>\t\t\t\t<\/div>\n\t\t\t\t\t\t\t\t<div class=\"elementor-field-group elementor-column elementor-field-type-submit elementor-col-100 e-form__buttons\">\n\t\t\t\t\t<button class=\"elementor-button elementor-size-sm\" type=\"submit\">\n\t\t\t\t\t\t<span class=\"elementor-button-content-wrapper\">\n\t\t\t\t\t\t\t\t\t\t\t\t\t\t\t\t\t\t\t\t\t\t<span class=\"elementor-button-text\">Commander maintenant<\/span>\n\t\t\t\t\t\t\t\t\t\t\t\t\t<\/span>\n\t\t\t\t\t<\/button>\n\t\t\t\t<\/div>\n\t\t\t<\/div>\n\t\t<\/form>\n\t\t\t\t\t\t<\/div>\n\t\t\t\t<\/div>\n\t\t\t\t\t<\/div>\n\t\t\t\t<\/div>\n\t\t\t\t<\/div>\n\t\t","protected":false},"excerpt":{"rendered":"<p>Floculants Nous vous fournissons des floculants de haute qualit\u00e9 pour une s\u00e9paration solide-liquide efficace, adapt\u00e9s \u00e0 votre installation et \u00e0 votre proc\u00e9d\u00e9. Commander maintenant<\/p>\n","protected":false},"author":1,"featured_media":0,"parent":0,"menu_order":0,"comment_status":"closed","ping_status":"closed","template":"","meta":{"_acf_changed":false,"footnotes":""},"class_list":["post-3182","page","type-page","status-publish","hentry"],"acf":[],"yoast_head":"<!-- This site is optimized with the Yoast SEO plugin v27.2 - https:\/\/yoast.com\/product\/yoast-seo-wordpress\/ -->\n<title>Commander des floculants | Filtech<\/title>\n<meta name=\"description\" content=\"FILTECH fournit des floculants de haute qualit\u00e9 pour une s\u00e9paration solide-liquide efficace, adapt\u00e9s \u00e0 votre installation et \u00e0 votre proc\u00e9d\u00e9.\" \/>\n<meta name=\"robots\" content=\"index, follow, max-snippet:-1, max-image-preview:large, max-video-preview:-1\" \/>\n<link rel=\"canonical\" href=\"https:\/\/filtech.ch\/fr\/commander-des-floculants\/\" \/>\n<meta property=\"og:locale\" content=\"fr_FR\" \/>\n<meta property=\"og:type\" content=\"article\" \/>\n<meta property=\"og:title\" content=\"Commander des floculants | Filtech\" \/>\n<meta property=\"og:description\" content=\"FILTECH fournit des floculants de haute qualit\u00e9 pour une s\u00e9paration solide-liquide efficace, adapt\u00e9s \u00e0 votre installation et \u00e0 votre proc\u00e9d\u00e9.\" \/>\n<meta property=\"og:url\" content=\"https:\/\/filtech.ch\/fr\/commander-des-floculants\/\" \/>\n<meta property=\"og:site_name\" content=\"Filtech\" \/>\n<meta property=\"article:modified_time\" content=\"2026-01-29T15:05:10+00:00\" \/>\n<meta property=\"og:image\" content=\"https:\/\/filtech.ch\/wp-content\/uploads\/2025\/12\/AdobeStock_988185868.jpg\" \/>\n\t<meta property=\"og:image:width\" content=\"1500\" \/>\n\t<meta property=\"og:image:height\" content=\"1000\" \/>\n\t<meta property=\"og:image:type\" content=\"image\/jpeg\" \/>\n<meta name=\"twitter:card\" content=\"summary_large_image\" \/>\n<script type=\"application\/ld+json\" class=\"yoast-schema-graph\">{\"@context\":\"https:\/\/schema.org\",\"@graph\":[{\"@type\":\"WebPage\",\"@id\":\"https:\/\/filtech.ch\/fr\/commander-des-floculants\/\",\"url\":\"https:\/\/filtech.ch\/fr\/commander-des-floculants\/\",\"name\":\"Commander des floculants | Filtech\",\"isPartOf\":{\"@id\":\"https:\/\/filtech.ch\/fr\/#website\"},\"primaryImageOfPage\":{\"@id\":\"https:\/\/filtech.ch\/fr\/commander-des-floculants\/#primaryimage\"},\"image\":{\"@id\":\"https:\/\/filtech.ch\/fr\/commander-des-floculants\/#primaryimage\"},\"thumbnailUrl\":\"https:\/\/filtech.ch\/wp-content\/uploads\/2025\/12\/AdobeStock_988185868-1024x683.jpg\",\"datePublished\":\"2025-09-23T09:58:36+00:00\",\"dateModified\":\"2026-01-29T15:05:10+00:00\",\"description\":\"FILTECH fournit des floculants de haute qualit\u00e9 pour une s\u00e9paration solide-liquide efficace, adapt\u00e9s \u00e0 votre installation et \u00e0 votre proc\u00e9d\u00e9.\",\"breadcrumb\":{\"@id\":\"https:\/\/filtech.ch\/fr\/commander-des-floculants\/#breadcrumb\"},\"inLanguage\":\"fr-FR\",\"potentialAction\":[{\"@type\":\"ReadAction\",\"target\":[\"https:\/\/filtech.ch\/fr\/commander-des-floculants\/\"]}]},{\"@type\":\"ImageObject\",\"inLanguage\":\"fr-FR\",\"@id\":\"https:\/\/filtech.ch\/fr\/commander-des-floculants\/#primaryimage\",\"url\":\"https:\/\/filtech.ch\/wp-content\/uploads\/2025\/12\/AdobeStock_988185868-1024x683.jpg\",\"contentUrl\":\"https:\/\/filtech.ch\/wp-content\/uploads\/2025\/12\/AdobeStock_988185868-1024x683.jpg\"},{\"@type\":\"BreadcrumbList\",\"@id\":\"https:\/\/filtech.ch\/fr\/commander-des-floculants\/#breadcrumb\",\"itemListElement\":[{\"@type\":\"ListItem\",\"position\":1,\"name\":\"Startseite\",\"item\":\"https:\/\/filtech.ch\/fr\/home-2\/\"},{\"@type\":\"ListItem\",\"position\":2,\"name\":\"Commander des floculants\"}]},{\"@type\":\"WebSite\",\"@id\":\"https:\/\/filtech.ch\/fr\/#website\",\"url\":\"https:\/\/filtech.ch\/fr\/\",\"name\":\"Filtech Entw\u00e4sserungen AG\",\"description\":\"\",\"publisher\":{\"@id\":\"https:\/\/filtech.ch\/fr\/#organization\"},\"alternateName\":\"Filtech\",\"potentialAction\":[{\"@type\":\"SearchAction\",\"target\":{\"@type\":\"EntryPoint\",\"urlTemplate\":\"https:\/\/filtech.ch\/fr\/?s={search_term_string}\"},\"query-input\":{\"@type\":\"PropertyValueSpecification\",\"valueRequired\":true,\"valueName\":\"search_term_string\"}}],\"inLanguage\":\"fr-FR\"},{\"@type\":\"Organization\",\"@id\":\"https:\/\/filtech.ch\/fr\/#organization\",\"name\":\"Filtech Entw\u00e4sserungen AG\",\"url\":\"https:\/\/filtech.ch\/fr\/\",\"logo\":{\"@type\":\"ImageObject\",\"inLanguage\":\"fr-FR\",\"@id\":\"https:\/\/filtech.ch\/fr\/#\/schema\/logo\/image\/\",\"url\":\"https:\/\/filtech.ch\/wp-content\/uploads\/2025\/09\/logo.png\",\"contentUrl\":\"https:\/\/filtech.ch\/wp-content\/uploads\/2025\/09\/logo.png\",\"width\":958,\"height\":309,\"caption\":\"Filtech Entw\u00e4sserungen AG\"},\"image\":{\"@id\":\"https:\/\/filtech.ch\/fr\/#\/schema\/logo\/image\/\"},\"sameAs\":[\"https:\/\/www.linkedin.com\/company\/filtech-entw\u00e4sserung-ag\/posts\/?feedView=all\"]}]}<\/script>\n<!-- \/ Yoast SEO plugin. -->","yoast_head_json":{"title":"Commander des floculants | Filtech","description":"FILTECH fournit des floculants de haute qualit\u00e9 pour une s\u00e9paration solide-liquide efficace, adapt\u00e9s \u00e0 votre installation et \u00e0 votre proc\u00e9d\u00e9.","robots":{"index":"index","follow":"follow","max-snippet":"max-snippet:-1","max-image-preview":"max-image-preview:large","max-video-preview":"max-video-preview:-1"},"canonical":"https:\/\/filtech.ch\/fr\/commander-des-floculants\/","og_locale":"fr_FR","og_type":"article","og_title":"Commander des floculants | Filtech","og_description":"FILTECH fournit des floculants de haute qualit\u00e9 pour une s\u00e9paration solide-liquide efficace, adapt\u00e9s \u00e0 votre installation et \u00e0 votre proc\u00e9d\u00e9.","og_url":"https:\/\/filtech.ch\/fr\/commander-des-floculants\/","og_site_name":"Filtech","article_modified_time":"2026-01-29T15:05:10+00:00","og_image":[{"width":1500,"height":1000,"url":"https:\/\/filtech.ch\/wp-content\/uploads\/2025\/12\/AdobeStock_988185868.jpg","type":"image\/jpeg"}],"twitter_card":"summary_large_image","schema":{"@context":"https:\/\/schema.org","@graph":[{"@type":"WebPage","@id":"https:\/\/filtech.ch\/fr\/commander-des-floculants\/","url":"https:\/\/filtech.ch\/fr\/commander-des-floculants\/","name":"Commander des floculants | Filtech","isPartOf":{"@id":"https:\/\/filtech.ch\/fr\/#website"},"primaryImageOfPage":{"@id":"https:\/\/filtech.ch\/fr\/commander-des-floculants\/#primaryimage"},"image":{"@id":"https:\/\/filtech.ch\/fr\/commander-des-floculants\/#primaryimage"},"thumbnailUrl":"https:\/\/filtech.ch\/wp-content\/uploads\/2025\/12\/AdobeStock_988185868-1024x683.jpg","datePublished":"2025-09-23T09:58:36+00:00","dateModified":"2026-01-29T15:05:10+00:00","description":"FILTECH fournit des floculants de haute qualit\u00e9 pour une s\u00e9paration solide-liquide efficace, adapt\u00e9s \u00e0 votre installation et \u00e0 votre proc\u00e9d\u00e9.","breadcrumb":{"@id":"https:\/\/filtech.ch\/fr\/commander-des-floculants\/#breadcrumb"},"inLanguage":"fr-FR","potentialAction":[{"@type":"ReadAction","target":["https:\/\/filtech.ch\/fr\/commander-des-floculants\/"]}]},{"@type":"ImageObject","inLanguage":"fr-FR","@id":"https:\/\/filtech.ch\/fr\/commander-des-floculants\/#primaryimage","url":"https:\/\/filtech.ch\/wp-content\/uploads\/2025\/12\/AdobeStock_988185868-1024x683.jpg","contentUrl":"https:\/\/filtech.ch\/wp-content\/uploads\/2025\/12\/AdobeStock_988185868-1024x683.jpg"},{"@type":"BreadcrumbList","@id":"https:\/\/filtech.ch\/fr\/commander-des-floculants\/#breadcrumb","itemListElement":[{"@type":"ListItem","position":1,"name":"Startseite","item":"https:\/\/filtech.ch\/fr\/home-2\/"},{"@type":"ListItem","position":2,"name":"Commander des floculants"}]},{"@type":"WebSite","@id":"https:\/\/filtech.ch\/fr\/#website","url":"https:\/\/filtech.ch\/fr\/","name":"Filtech Entw\u00e4sserungen AG","description":"","publisher":{"@id":"https:\/\/filtech.ch\/fr\/#organization"},"alternateName":"Filtech","potentialAction":[{"@type":"SearchAction","target":{"@type":"EntryPoint","urlTemplate":"https:\/\/filtech.ch\/fr\/?s={search_term_string}"},"query-input":{"@type":"PropertyValueSpecification","valueRequired":true,"valueName":"search_term_string"}}],"inLanguage":"fr-FR"},{"@type":"Organization","@id":"https:\/\/filtech.ch\/fr\/#organization","name":"Filtech Entw\u00e4sserungen AG","url":"https:\/\/filtech.ch\/fr\/","logo":{"@type":"ImageObject","inLanguage":"fr-FR","@id":"https:\/\/filtech.ch\/fr\/#\/schema\/logo\/image\/","url":"https:\/\/filtech.ch\/wp-content\/uploads\/2025\/09\/logo.png","contentUrl":"https:\/\/filtech.ch\/wp-content\/uploads\/2025\/09\/logo.png","width":958,"height":309,"caption":"Filtech Entw\u00e4sserungen AG"},"image":{"@id":"https:\/\/filtech.ch\/fr\/#\/schema\/logo\/image\/"},"sameAs":["https:\/\/www.linkedin.com\/company\/filtech-entw\u00e4sserung-ag\/posts\/?feedView=all"]}]}},"_links":{"self":[{"href":"https:\/\/filtech.ch\/fr\/wp-json\/wp\/v2\/pages\/3182","targetHints":{"allow":["GET"]}}],"collection":[{"href":"https:\/\/filtech.ch\/fr\/wp-json\/wp\/v2\/pages"}],"about":[{"href":"https:\/\/filtech.ch\/fr\/wp-json\/wp\/v2\/types\/page"}],"author":[{"embeddable":true,"href":"https:\/\/filtech.ch\/fr\/wp-json\/wp\/v2\/users\/1"}],"replies":[{"embeddable":true,"href":"https:\/\/filtech.ch\/fr\/wp-json\/wp\/v2\/comments?post=3182"}],"version-history":[{"count":1,"href":"https:\/\/filtech.ch\/fr\/wp-json\/wp\/v2\/pages\/3182\/revisions"}],"predecessor-version":[{"id":3183,"href":"https:\/\/filtech.ch\/fr\/wp-json\/wp\/v2\/pages\/3182\/revisions\/3183"}],"wp:attachment":[{"href":"https:\/\/filtech.ch\/fr\/wp-json\/wp\/v2\/media?parent=3182"}],"curies":[{"name":"wp","href":"https:\/\/api.w.org\/{rel}","templated":true}]}}