{"id":3686,"date":"2026-04-13T11:45:27","date_gmt":"2026-04-13T11:45:27","guid":{"rendered":"https:\/\/filtech.ch\/systemes-de-criblage\/"},"modified":"2026-04-16T11:54:55","modified_gmt":"2026-04-16T11:54:55","slug":"systemes-de-criblage","status":"publish","type":"page","link":"https:\/\/filtech.ch\/fr\/systemes-de-criblage\/","title":{"rendered":"Syst\u00e8mes de criblage"},"content":{"rendered":"\t\t<div data-elementor-type=\"wp-page\" data-elementor-id=\"3686\" class=\"elementor elementor-3686 elementor-3537\" data-elementor-post-type=\"page\">\n\t\t\t\t<div class=\"elementor-element elementor-element-056ac62 e-flex e-con-boxed e-con e-parent\" data-id=\"056ac62\" data-element_type=\"container\" data-e-type=\"container\">\n\t\t\t\t\t<div class=\"e-con-inner\">\n\t\t<div class=\"elementor-element elementor-element-dc5baea e-con-full e-flex e-con e-child\" data-id=\"dc5baea\" data-element_type=\"container\" data-e-type=\"container\">\n\t\t\t\t<div class=\"elementor-element elementor-element-c6ae4fa product-detail-title elementor-widget elementor-widget-heading\" data-id=\"c6ae4fa\" data-element_type=\"widget\" data-e-type=\"widget\" data-widget_type=\"heading.default\">\n\t\t\t\t\t<h1 class=\"elementor-heading-title elementor-size-default\">Syst\u00e8mes de criblage pour le traitement des eaux us\u00e9es<\/h1>\t\t\t\t<\/div>\n\t\t\t\t<div class=\"elementor-element elementor-element-2d82468 elementor-widget elementor-widget-text-editor\" data-id=\"2d82468\" data-element_type=\"widget\" data-e-type=\"widget\" data-widget_type=\"text-editor.default\">\n\t\t\t\t\t\t\t\t\t<p>Dans l&rsquo;\u00e9puration des eaux us\u00e9es industrielles et municipales, la s\u00e9paration pr\u00e9cise des mati\u00e8res solides est la condition pr\u00e9alable \u00e0 l&rsquo;efficacit\u00e9 des processus en aval. FILTECH propose des solutions de tamisage de haute qualit\u00e9, sp\u00e9cialement d\u00e9velopp\u00e9es pour la s\u00e9paration solide-liquide. Forts de plus de 40 ans d&rsquo;exp\u00e9rience dans le traitement, nous fournissons des syst\u00e8mes de criblage m\u00e9canique qui se distinguent par des d\u00e9bits \u00e9lev\u00e9s, des seuils de coupure pr\u00e9cis et une extr\u00eame long\u00e9vit\u00e9, id\u00e9aux pour le traitement des eaux de processus, le traitement des boues et la r\u00e9cup\u00e9ration de mat\u00e9riaux.  <\/p>\t\t\t\t\t\t\t\t<\/div>\n\t\t\t\t<\/div>\n\t\t\t\t<div class=\"elementor-element elementor-element-7e1cc69 elementor-widget__width-initial elementor-widget elementor-widget-image\" data-id=\"7e1cc69\" data-element_type=\"widget\" data-e-type=\"widget\" data-widget_type=\"image.default\">\n\t\t\t\t\t\t\t\t\t\t\t\t\t\t\t<img fetchpriority=\"high\" decoding=\"async\" width=\"600\" height=\"600\" src=\"https:\/\/filtech.ch\/wp-content\/uploads\/2025\/12\/Siebtechnik.jpg\" class=\"attachment-large size-large wp-image-2824\" alt=\"\" srcset=\"https:\/\/filtech.ch\/wp-content\/uploads\/2025\/12\/Siebtechnik.jpg 600w, https:\/\/filtech.ch\/wp-content\/uploads\/2025\/12\/Siebtechnik-300x300.jpg 300w, https:\/\/filtech.ch\/wp-content\/uploads\/2025\/12\/Siebtechnik-150x150.jpg 150w\" sizes=\"(max-width: 600px) 100vw, 600px\" \/>\t\t\t\t\t\t\t\t\t\t\t\t\t\t\t<\/div>\n\t\t\t\t\t<\/div>\n\t\t\t\t<\/div>\n\t\t<div class=\"elementor-element elementor-element-b665dd1 e-flex e-con-boxed e-con e-child\" data-id=\"b665dd1\" data-element_type=\"container\" data-e-type=\"container\" data-settings=\"{&quot;background_background&quot;:&quot;classic&quot;}\">\n\t\t\t\t\t<div class=\"e-con-inner\">\n\t\t<div class=\"elementor-element elementor-element-f56448b e-con-full e-flex e-con e-child\" data-id=\"f56448b\" data-element_type=\"container\" data-e-type=\"container\">\n\t\t\t\t<div class=\"elementor-element elementor-element-8bf9381 elementor-widget elementor-widget-heading\" data-id=\"8bf9381\" data-element_type=\"widget\" data-e-type=\"widget\" data-widget_type=\"heading.default\">\n\t\t\t\t\t<h2 class=\"elementor-heading-title elementor-size-default\">Acheter<\/h2>\t\t\t\t<\/div>\n\t\t\t\t<div class=\"elementor-element elementor-element-c3c4aba elementor-widget elementor-widget-heading\" data-id=\"c3c4aba\" data-element_type=\"widget\" data-e-type=\"widget\" data-widget_type=\"heading.default\">\n\t\t\t\t\t<h3 class=\"elementor-heading-title elementor-size-default\">Technique de s\u00e9paration efficace<\/h3>\t\t\t\t<\/div>\n\t\t\t\t<div class=\"elementor-element elementor-element-03a3c97 elementor-widget elementor-widget-text-editor\" data-id=\"03a3c97\" data-element_type=\"widget\" data-e-type=\"widget\" data-widget_type=\"text-editor.default\">\n\t\t\t\t\t\t\t\t\t<p>\u00c0 l&rsquo;achat d&rsquo;une technique de tamisage FILTECH, vous investissez dans des composants d&rsquo;installation n\u00e9cessitant peu de maintenance et garantissant la s\u00e9curit\u00e9 des processus. Nous concevons des solutions fixes et des filtres exactement adapt\u00e9s \u00e0 vos exigences. De la construction robuste au montage pr\u00e9cis : FILTECH vous garantit des produits de haute qualit\u00e9 pour un fonctionnement continu \u00e9conomique.  <\/p>\t\t\t\t\t\t\t\t<\/div>\n\t\t\t\t<\/div>\n\t\t<div class=\"elementor-element elementor-element-d71bbf3 e-con-full e-flex e-con e-child\" data-id=\"d71bbf3\" data-element_type=\"container\" data-e-type=\"container\">\n\t\t\t\t<div class=\"elementor-element elementor-element-752638e elementor-widget elementor-widget-heading\" data-id=\"752638e\" data-element_type=\"widget\" data-e-type=\"widget\" data-widget_type=\"heading.default\">\n\t\t\t\t\t<h2 class=\"elementor-heading-title elementor-size-default\">Planification &amp; Optimisation des processus<\/h2>\t\t\t\t<\/div>\n\t\t\t\t<div class=\"elementor-element elementor-element-2e1436e elementor-widget elementor-widget-text-editor\" data-id=\"2e1436e\" data-element_type=\"widget\" data-e-type=\"widget\" data-widget_type=\"text-editor.default\">\n\t\t\t\t\t\t\t\t\t<p>Afin de trouver la technologie de tamisage optimale pour votre application sp\u00e9cifique, nous proposons des conseils complets et des solutions d&rsquo;achat sur mesure. Nos experts analysent les propri\u00e9t\u00e9s de votre fluide pour d\u00e9terminer le proc\u00e9d\u00e9 de tamisage id\u00e9al. Que ce soit pour la modernisation d&rsquo;installations existantes ou comme composant central dans de nouveaux projets, nous int\u00e9grons nos syst\u00e8mes de tamisage de mani\u00e8re \u00e0 ce qu&rsquo;ils offrent des performances maximales pour un encombrement minimal.  <\/p>\t\t\t\t\t\t\t\t<\/div>\n\t\t\t\t<\/div>\n\t\t\t\t\t<\/div>\n\t\t\t\t<\/div>\n\t\t<div class=\"elementor-element elementor-element-5e8e38e e-flex e-con-boxed e-con e-parent\" data-id=\"5e8e38e\" data-element_type=\"container\" data-e-type=\"container\">\n\t\t\t\t\t<div class=\"e-con-inner\">\n\t\t\t\t<div class=\"elementor-element elementor-element-080ee40 product-detail-title elementor-widget elementor-widget-heading\" data-id=\"080ee40\" data-element_type=\"widget\" data-e-type=\"widget\" data-widget_type=\"heading.default\">\n\t\t\t\t\t<h2 class=\"elementor-heading-title elementor-size-default\">Nos produits<\/h2>\t\t\t\t<\/div>\n\t\t\t\t<div class=\"elementor-element elementor-element-f2c46b6 elementor-widget__width-initial elementor-widget elementor-widget-text-editor\" data-id=\"f2c46b6\" data-element_type=\"widget\" data-e-type=\"widget\" data-widget_type=\"text-editor.default\">\n\t\t\t\t\t\t\t\t\t<p>Notre gamme de techniques de tamisage comprend des classiques \u00e9prouv\u00e9s et des syst\u00e8mes de filtration modernes, con\u00e7us pour les t\u00e2ches de s\u00e9paration les plus diverses dans l&rsquo;industrie et les communes.<\/p>\t\t\t\t\t\t\t\t<\/div>\n\t\t<div class=\"elementor-element elementor-element-0b95834 e-grid e-con-full e-con e-child\" data-id=\"0b95834\" data-element_type=\"container\" data-e-type=\"container\">\n\t\t<div class=\"elementor-element elementor-element-0d5c76c e-con-full category-container e-flex e-con e-child\" data-id=\"0d5c76c\" data-element_type=\"container\" data-e-type=\"container\">\n\t\t<div class=\"elementor-element elementor-element-09348c1 e-con-full category-backgroundimg-container e-flex e-con e-child\" data-id=\"09348c1\" data-element_type=\"container\" data-e-type=\"container\" data-settings=\"{&quot;background_background&quot;:&quot;classic&quot;}\">\n\t\t<div class=\"elementor-element elementor-element-ebf7b45 e-con-full e-flex e-con e-child\" data-id=\"ebf7b45\" data-element_type=\"container\" data-e-type=\"container\">\n\t\t\t\t<div class=\"elementor-element elementor-element-40db61c elementor-grid-1 elementor-grid-tablet-1 elementor-grid-mobile-1 elementor-widget elementor-widget-loop-grid\" data-id=\"40db61c\" data-element_type=\"widget\" data-e-type=\"widget\" data-settings=\"{&quot;template_id&quot;:833,&quot;columns&quot;:1,&quot;columns_tablet&quot;:1,&quot;row_gap&quot;:{&quot;unit&quot;:&quot;px&quot;,&quot;size&quot;:5,&quot;sizes&quot;:[]},&quot;_skin&quot;:&quot;post&quot;,&quot;columns_mobile&quot;:&quot;1&quot;,&quot;edit_handle_selector&quot;:&quot;[data-elementor-type=\\&quot;loop-item\\&quot;]&quot;,&quot;row_gap_tablet&quot;:{&quot;unit&quot;:&quot;px&quot;,&quot;size&quot;:&quot;&quot;,&quot;sizes&quot;:[]},&quot;row_gap_mobile&quot;:{&quot;unit&quot;:&quot;px&quot;,&quot;size&quot;:&quot;&quot;,&quot;sizes&quot;:[]}}\" data-widget_type=\"loop-grid.post\">\n\t\t\t\t<div class=\"elementor-widget-container\">\n\t\t\t\t\t\t\t<div class=\"elementor-loop-container elementor-grid\" role=\"list\">\n\t\t<style id=\"loop-833\">.elementor-833 .elementor-element.elementor-element-56a17e8{--display:flex;--flex-direction:column;--container-widget-width:100%;--container-widget-height:initial;--container-widget-flex-grow:0;--container-widget-align-self:initial;--flex-wrap-mobile:wrap;}<\/style>\t\t<div data-elementor-type=\"loop-item\" data-elementor-id=\"833\" class=\"elementor elementor-833 e-loop-item e-loop-item-3039 post-3039 post type-post status-publish format-standard has-post-thumbnail hentry category-systemes-de-criblage\" data-elementor-post-type=\"elementor_library\" data-custom-edit-handle=\"1\">\n\t\t\t<div class=\"elementor-element elementor-element-56a17e8 e-flex e-con-boxed e-con e-parent\" data-id=\"56a17e8\" data-element_type=\"container\" data-e-type=\"container\">\n\t\t\t\t\t<div class=\"e-con-inner\">\n\t\t\t\t<div class=\"elementor-element elementor-element-3a68f4f elementor-align-center elementor-widget elementor-widget-button\" data-id=\"3a68f4f\" data-element_type=\"widget\" data-e-type=\"widget\" data-widget_type=\"button.default\">\n\t\t\t\t\t\t\t\t\t\t<a class=\"elementor-button elementor-button-link elementor-size-sm\" href=\"https:\/\/filtech.ch\/fr\/filtres-a-tambour-et-tamis-courbes\/\">\n\t\t\t\t\t\t<span class=\"elementor-button-content-wrapper\">\n\t\t\t\t\t\t\t\t\t<span class=\"elementor-button-text\">Filtres \u00e0 tambour et tamis courbes<\/span>\n\t\t\t\t\t<\/span>\n\t\t\t\t\t<\/a>\n\t\t\t\t\t\t\t\t<\/div>\n\t\t\t\t\t<\/div>\n\t\t\t\t<\/div>\n\t\t\t\t<\/div>\n\t\t\t\t<\/div>\n\t\t\n\t\t\t\t\t\t<\/div>\n\t\t\t\t<\/div>\n\t\t\t\t<\/div>\n\t\t\t\t<\/div>\n\t\t\t\t<div class=\"elementor-element elementor-element-ea98ffa elementor-widget elementor-widget-heading\" data-id=\"ea98ffa\" data-element_type=\"widget\" data-e-type=\"widget\" data-widget_type=\"heading.default\">\n\t\t\t\t\t<h2 class=\"elementor-heading-title elementor-size-default\">Syst\u00e8mes de criblage<\/h2>\t\t\t\t<\/div>\n\t\t\t\t<\/div>\n\t\t\t\t<\/div>\n\t\t\t\t\t<\/div>\n\t\t\t\t<\/div>\n\t\t<div class=\"elementor-element elementor-element-51ca0ee e-flex e-con-boxed e-con e-parent\" data-id=\"51ca0ee\" data-element_type=\"container\" data-e-type=\"container\">\n\t\t\t\t\t<div class=\"e-con-inner\">\n\t\t\t\t<div class=\"elementor-element elementor-element-b6d550a product-detail-title elementor-widget elementor-widget-heading\" data-id=\"b6d550a\" data-element_type=\"widget\" data-e-type=\"widget\" data-widget_type=\"heading.default\">\n\t\t\t\t\t<h2 class=\"elementor-heading-title elementor-size-default\">Dur\u00e9es de vie maximales et manipulation ais\u00e9e<\/h2>\t\t\t\t<\/div>\n\t\t\t\t<div class=\"elementor-element elementor-element-66a2920 elementor-widget__width-initial elementor-widget elementor-widget-text-editor\" data-id=\"66a2920\" data-element_type=\"widget\" data-e-type=\"widget\" data-widget_type=\"text-editor.default\">\n\t\t\t\t\t\t\t\t\t<p>Nos tamis et filtres sont con\u00e7us pour un fonctionnement sans perturbation avec un besoin de maintenance minimal. Gr\u00e2ce \u00e0 l&rsquo;utilisation de profils \u00e0 fentes ou de tissus \u00e0 mailles fines, nous obtenons les taux de s\u00e9paration les plus \u00e9lev\u00e9s. La facilit\u00e9 d&rsquo;acc\u00e8s de nos tamis courbes assure une performance de s\u00e9paration constante et soulage sensiblement votre personnel d&rsquo;exploitation.  <\/p>\t\t\t\t\t\t\t\t<\/div>\n\t\t\t\t\t<\/div>\n\t\t\t\t<\/div>\n\t\t<div class=\"elementor-element elementor-element-b8933dd e-flex e-con-boxed e-con e-child\" data-id=\"b8933dd\" data-element_type=\"container\" data-e-type=\"container\" data-settings=\"{&quot;background_background&quot;:&quot;classic&quot;}\">\n\t\t\t\t\t<div class=\"e-con-inner\">\n\t\t<div class=\"elementor-element elementor-element-4e205b7 e-con-full e-flex e-con e-child\" data-id=\"4e205b7\" data-element_type=\"container\" data-e-type=\"container\">\n\t\t\t\t<div class=\"elementor-element elementor-element-ff8754d elementor-widget elementor-widget-heading\" data-id=\"ff8754d\" data-element_type=\"widget\" data-e-type=\"widget\" data-widget_type=\"heading.default\">\n\t\t\t\t\t<h2 class=\"elementor-heading-title elementor-size-default\">Pourquoi FILTECH ?<\/h2>\t\t\t\t<\/div>\n\t\t\t\t<\/div>\n\t\t<div class=\"elementor-element elementor-element-d882f3b e-con-full e-flex e-con e-child\" data-id=\"d882f3b\" data-element_type=\"container\" data-e-type=\"container\">\n\t\t\t\t<div class=\"elementor-element elementor-element-f245d7f elementor-widget elementor-widget-text-editor\" data-id=\"f245d7f\" data-element_type=\"widget\" data-e-type=\"widget\" data-widget_type=\"text-editor.default\">\n\t\t\t\t\t\t\t\t\t<ul><li>Plus de 40 ans d&rsquo;exp\u00e9rience dans le traitement m\u00e9canique des eaux us\u00e9es<\/li><li>S\u00e9paration hautement pr\u00e9cise des mati\u00e8res solides et des liquides<\/li><li>Construction robuste en acier inoxydable pour une r\u00e9sistance maximale \u00e0 la corrosion<\/li><li>Co\u00fbts \u00e9nerg\u00e9tiques nuls ou faibles (pour les tamis courbes statiques)<\/li><li>Adaptation individuelle des g\u00e9om\u00e9tries de tamisage \u00e0 votre processus<\/li><li>Approvisionnement fiable en pi\u00e8ces de rechange et service sur de nombreuses ann\u00e9es<\/li><\/ul><p> <\/p><p>Que ce soit pour le pr\u00e9traitement ou le traitement des eaux de processus industrielles, la technique de tamisage de FILTECH vous offre la s\u00e9curit\u00e9 d&rsquo;une s\u00e9paration des mati\u00e8res solides efficace et \u00e9conomique au plus haut niveau.<\/p>\t\t\t\t\t\t\t\t<\/div>\n\t\t\t\t<\/div>\n\t\t\t\t\t<\/div>\n\t\t\t\t<\/div>\n\t\t\t\t<\/div>\n\t\t","protected":false},"excerpt":{"rendered":"<p>Syst\u00e8mes de criblage pour le traitement des eaux us\u00e9es Dans l&rsquo;\u00e9puration des eaux us\u00e9es industrielles et municipales, la s\u00e9paration pr\u00e9cise des mati\u00e8res solides est la condition pr\u00e9alable \u00e0 l&rsquo;efficacit\u00e9 des processus en aval. FILTECH propose des solutions de tamisage de haute qualit\u00e9, sp\u00e9cialement d\u00e9velopp\u00e9es pour la s\u00e9paration solide-liquide. Forts de plus de 40 ans d&rsquo;exp\u00e9rience [&hellip;]<\/p>\n","protected":false},"author":1,"featured_media":0,"parent":0,"menu_order":0,"comment_status":"closed","ping_status":"closed","template":"","meta":{"_acf_changed":false,"footnotes":""},"class_list":["post-3686","page","type-page","status-publish","hentry"],"acf":[],"yoast_head":"<!-- This site is optimized with the Yoast SEO plugin v27.2 - https:\/\/yoast.com\/product\/yoast-seo-wordpress\/ -->\n<title>Acheter des syst\u00e8mes de criblage | S\u00e9paration solide-liquide<\/title>\n<meta name=\"description\" content=\"Syst\u00e8mes de criblage de haute qualit\u00e9 pour les eaux us\u00e9es et eaux de processus. Technologie durable, n\u00e9cessitant peu de maintenance et adapt\u00e9e \u00e0 votre application.\" \/>\n<meta name=\"robots\" content=\"index, follow, max-snippet:-1, max-image-preview:large, max-video-preview:-1\" \/>\n<link rel=\"canonical\" href=\"https:\/\/filtech.ch\/fr\/systemes-de-criblage\/\" \/>\n<meta property=\"og:locale\" content=\"fr_FR\" \/>\n<meta property=\"og:type\" content=\"article\" \/>\n<meta property=\"og:title\" content=\"Acheter des syst\u00e8mes de criblage | S\u00e9paration solide-liquide\" \/>\n<meta property=\"og:description\" content=\"Syst\u00e8mes de criblage de haute qualit\u00e9 pour les eaux us\u00e9es et eaux de processus. Technologie durable, n\u00e9cessitant peu de maintenance et adapt\u00e9e \u00e0 votre application.\" \/>\n<meta property=\"og:url\" content=\"https:\/\/filtech.ch\/fr\/systemes-de-criblage\/\" \/>\n<meta property=\"og:site_name\" content=\"Filtech\" \/>\n<meta property=\"article:modified_time\" content=\"2026-04-16T11:54:55+00:00\" \/>\n<meta property=\"og:image\" content=\"https:\/\/filtech.ch\/wp-content\/uploads\/2025\/12\/Siebtechnik.jpg\" \/>\n\t<meta property=\"og:image:width\" content=\"600\" \/>\n\t<meta property=\"og:image:height\" content=\"600\" \/>\n\t<meta property=\"og:image:type\" content=\"image\/jpeg\" \/>\n<meta name=\"twitter:card\" content=\"summary_large_image\" \/>\n<meta name=\"twitter:label1\" content=\"Dur\u00e9e de lecture estim\u00e9e\" \/>\n\t<meta name=\"twitter:data1\" content=\"2 minutes\" \/>\n<script type=\"application\/ld+json\" class=\"yoast-schema-graph\">{\"@context\":\"https:\/\/schema.org\",\"@graph\":[{\"@type\":\"WebPage\",\"@id\":\"https:\/\/filtech.ch\/fr\/systemes-de-criblage\/\",\"url\":\"https:\/\/filtech.ch\/fr\/systemes-de-criblage\/\",\"name\":\"Acheter des syst\u00e8mes de criblage | S\u00e9paration solide-liquide\",\"isPartOf\":{\"@id\":\"https:\/\/filtech.ch\/fr\/#website\"},\"primaryImageOfPage\":{\"@id\":\"https:\/\/filtech.ch\/fr\/systemes-de-criblage\/#primaryimage\"},\"image\":{\"@id\":\"https:\/\/filtech.ch\/fr\/systemes-de-criblage\/#primaryimage\"},\"thumbnailUrl\":\"https:\/\/filtech.ch\/wp-content\/uploads\/2025\/12\/Siebtechnik.jpg\",\"datePublished\":\"2026-04-13T11:45:27+00:00\",\"dateModified\":\"2026-04-16T11:54:55+00:00\",\"description\":\"Syst\u00e8mes de criblage de haute qualit\u00e9 pour les eaux us\u00e9es et eaux de processus. Technologie durable, n\u00e9cessitant peu de maintenance et adapt\u00e9e \u00e0 votre application.\",\"breadcrumb\":{\"@id\":\"https:\/\/filtech.ch\/fr\/systemes-de-criblage\/#breadcrumb\"},\"inLanguage\":\"fr-FR\",\"potentialAction\":[{\"@type\":\"ReadAction\",\"target\":[\"https:\/\/filtech.ch\/fr\/systemes-de-criblage\/\"]}]},{\"@type\":\"ImageObject\",\"inLanguage\":\"fr-FR\",\"@id\":\"https:\/\/filtech.ch\/fr\/systemes-de-criblage\/#primaryimage\",\"url\":\"https:\/\/filtech.ch\/wp-content\/uploads\/2025\/12\/Siebtechnik.jpg\",\"contentUrl\":\"https:\/\/filtech.ch\/wp-content\/uploads\/2025\/12\/Siebtechnik.jpg\"},{\"@type\":\"BreadcrumbList\",\"@id\":\"https:\/\/filtech.ch\/fr\/systemes-de-criblage\/#breadcrumb\",\"itemListElement\":[{\"@type\":\"ListItem\",\"position\":1,\"name\":\"Startseite\",\"item\":\"https:\/\/filtech.ch\/fr\/home-2\/\"},{\"@type\":\"ListItem\",\"position\":2,\"name\":\"Syst\u00e8mes de criblage\"}]},{\"@type\":\"WebSite\",\"@id\":\"https:\/\/filtech.ch\/fr\/#website\",\"url\":\"https:\/\/filtech.ch\/fr\/\",\"name\":\"Filtech Entw\u00e4sserungen AG\",\"description\":\"\",\"publisher\":{\"@id\":\"https:\/\/filtech.ch\/fr\/#organization\"},\"alternateName\":\"Filtech\",\"potentialAction\":[{\"@type\":\"SearchAction\",\"target\":{\"@type\":\"EntryPoint\",\"urlTemplate\":\"https:\/\/filtech.ch\/fr\/?s={search_term_string}\"},\"query-input\":{\"@type\":\"PropertyValueSpecification\",\"valueRequired\":true,\"valueName\":\"search_term_string\"}}],\"inLanguage\":\"fr-FR\"},{\"@type\":\"Organization\",\"@id\":\"https:\/\/filtech.ch\/fr\/#organization\",\"name\":\"Filtech Entw\u00e4sserungen AG\",\"url\":\"https:\/\/filtech.ch\/fr\/\",\"logo\":{\"@type\":\"ImageObject\",\"inLanguage\":\"fr-FR\",\"@id\":\"https:\/\/filtech.ch\/fr\/#\/schema\/logo\/image\/\",\"url\":\"https:\/\/filtech.ch\/wp-content\/uploads\/2025\/09\/logo.png\",\"contentUrl\":\"https:\/\/filtech.ch\/wp-content\/uploads\/2025\/09\/logo.png\",\"width\":958,\"height\":309,\"caption\":\"Filtech Entw\u00e4sserungen AG\"},\"image\":{\"@id\":\"https:\/\/filtech.ch\/fr\/#\/schema\/logo\/image\/\"},\"sameAs\":[\"https:\/\/www.linkedin.com\/company\/filtech-entw\u00e4sserung-ag\/posts\/?feedView=all\"]}]}<\/script>\n<!-- \/ Yoast SEO plugin. -->","yoast_head_json":{"title":"Acheter des syst\u00e8mes de criblage | S\u00e9paration solide-liquide","description":"Syst\u00e8mes de criblage de haute qualit\u00e9 pour les eaux us\u00e9es et eaux de processus. Technologie durable, n\u00e9cessitant peu de maintenance et adapt\u00e9e \u00e0 votre application.","robots":{"index":"index","follow":"follow","max-snippet":"max-snippet:-1","max-image-preview":"max-image-preview:large","max-video-preview":"max-video-preview:-1"},"canonical":"https:\/\/filtech.ch\/fr\/systemes-de-criblage\/","og_locale":"fr_FR","og_type":"article","og_title":"Acheter des syst\u00e8mes de criblage | S\u00e9paration solide-liquide","og_description":"Syst\u00e8mes de criblage de haute qualit\u00e9 pour les eaux us\u00e9es et eaux de processus. Technologie durable, n\u00e9cessitant peu de maintenance et adapt\u00e9e \u00e0 votre application.","og_url":"https:\/\/filtech.ch\/fr\/systemes-de-criblage\/","og_site_name":"Filtech","article_modified_time":"2026-04-16T11:54:55+00:00","og_image":[{"width":600,"height":600,"url":"https:\/\/filtech.ch\/wp-content\/uploads\/2025\/12\/Siebtechnik.jpg","type":"image\/jpeg"}],"twitter_card":"summary_large_image","twitter_misc":{"Dur\u00e9e de lecture estim\u00e9e":"2 minutes"},"schema":{"@context":"https:\/\/schema.org","@graph":[{"@type":"WebPage","@id":"https:\/\/filtech.ch\/fr\/systemes-de-criblage\/","url":"https:\/\/filtech.ch\/fr\/systemes-de-criblage\/","name":"Acheter des syst\u00e8mes de criblage | S\u00e9paration solide-liquide","isPartOf":{"@id":"https:\/\/filtech.ch\/fr\/#website"},"primaryImageOfPage":{"@id":"https:\/\/filtech.ch\/fr\/systemes-de-criblage\/#primaryimage"},"image":{"@id":"https:\/\/filtech.ch\/fr\/systemes-de-criblage\/#primaryimage"},"thumbnailUrl":"https:\/\/filtech.ch\/wp-content\/uploads\/2025\/12\/Siebtechnik.jpg","datePublished":"2026-04-13T11:45:27+00:00","dateModified":"2026-04-16T11:54:55+00:00","description":"Syst\u00e8mes de criblage de haute qualit\u00e9 pour les eaux us\u00e9es et eaux de processus. Technologie durable, n\u00e9cessitant peu de maintenance et adapt\u00e9e \u00e0 votre application.","breadcrumb":{"@id":"https:\/\/filtech.ch\/fr\/systemes-de-criblage\/#breadcrumb"},"inLanguage":"fr-FR","potentialAction":[{"@type":"ReadAction","target":["https:\/\/filtech.ch\/fr\/systemes-de-criblage\/"]}]},{"@type":"ImageObject","inLanguage":"fr-FR","@id":"https:\/\/filtech.ch\/fr\/systemes-de-criblage\/#primaryimage","url":"https:\/\/filtech.ch\/wp-content\/uploads\/2025\/12\/Siebtechnik.jpg","contentUrl":"https:\/\/filtech.ch\/wp-content\/uploads\/2025\/12\/Siebtechnik.jpg"},{"@type":"BreadcrumbList","@id":"https:\/\/filtech.ch\/fr\/systemes-de-criblage\/#breadcrumb","itemListElement":[{"@type":"ListItem","position":1,"name":"Startseite","item":"https:\/\/filtech.ch\/fr\/home-2\/"},{"@type":"ListItem","position":2,"name":"Syst\u00e8mes de criblage"}]},{"@type":"WebSite","@id":"https:\/\/filtech.ch\/fr\/#website","url":"https:\/\/filtech.ch\/fr\/","name":"Filtech Entw\u00e4sserungen AG","description":"","publisher":{"@id":"https:\/\/filtech.ch\/fr\/#organization"},"alternateName":"Filtech","potentialAction":[{"@type":"SearchAction","target":{"@type":"EntryPoint","urlTemplate":"https:\/\/filtech.ch\/fr\/?s={search_term_string}"},"query-input":{"@type":"PropertyValueSpecification","valueRequired":true,"valueName":"search_term_string"}}],"inLanguage":"fr-FR"},{"@type":"Organization","@id":"https:\/\/filtech.ch\/fr\/#organization","name":"Filtech Entw\u00e4sserungen AG","url":"https:\/\/filtech.ch\/fr\/","logo":{"@type":"ImageObject","inLanguage":"fr-FR","@id":"https:\/\/filtech.ch\/fr\/#\/schema\/logo\/image\/","url":"https:\/\/filtech.ch\/wp-content\/uploads\/2025\/09\/logo.png","contentUrl":"https:\/\/filtech.ch\/wp-content\/uploads\/2025\/09\/logo.png","width":958,"height":309,"caption":"Filtech Entw\u00e4sserungen AG"},"image":{"@id":"https:\/\/filtech.ch\/fr\/#\/schema\/logo\/image\/"},"sameAs":["https:\/\/www.linkedin.com\/company\/filtech-entw\u00e4sserung-ag\/posts\/?feedView=all"]}]}},"_links":{"self":[{"href":"https:\/\/filtech.ch\/fr\/wp-json\/wp\/v2\/pages\/3686","targetHints":{"allow":["GET"]}}],"collection":[{"href":"https:\/\/filtech.ch\/fr\/wp-json\/wp\/v2\/pages"}],"about":[{"href":"https:\/\/filtech.ch\/fr\/wp-json\/wp\/v2\/types\/page"}],"author":[{"embeddable":true,"href":"https:\/\/filtech.ch\/fr\/wp-json\/wp\/v2\/users\/1"}],"replies":[{"embeddable":true,"href":"https:\/\/filtech.ch\/fr\/wp-json\/wp\/v2\/comments?post=3686"}],"version-history":[{"count":4,"href":"https:\/\/filtech.ch\/fr\/wp-json\/wp\/v2\/pages\/3686\/revisions"}],"predecessor-version":[{"id":3710,"href":"https:\/\/filtech.ch\/fr\/wp-json\/wp\/v2\/pages\/3686\/revisions\/3710"}],"wp:attachment":[{"href":"https:\/\/filtech.ch\/fr\/wp-json\/wp\/v2\/media?parent=3686"}],"curies":[{"name":"wp","href":"https:\/\/api.w.org\/{rel}","templated":true}]}}