{"id":3692,"date":"2026-04-13T12:13:42","date_gmt":"2026-04-13T12:13:42","guid":{"rendered":"https:\/\/filtech.ch\/vidange-de-digesteurs\/"},"modified":"2026-04-15T13:51:48","modified_gmt":"2026-04-15T13:51:48","slug":"vidange-de-digesteurs","status":"publish","type":"page","link":"https:\/\/filtech.ch\/fr\/vidange-de-digesteurs\/","title":{"rendered":"Vidange de digesteurs"},"content":{"rendered":"\t\t<div data-elementor-type=\"wp-page\" data-elementor-id=\"3692\" class=\"elementor elementor-3692 elementor-3566\" data-elementor-post-type=\"page\">\n\t\t\t\t<div class=\"elementor-element elementor-element-056ac62 e-flex e-con-boxed e-con e-parent\" data-id=\"056ac62\" data-element_type=\"container\" data-e-type=\"container\">\n\t\t\t\t\t<div class=\"e-con-inner\">\n\t\t<div class=\"elementor-element elementor-element-dc5baea e-con-full e-flex e-con e-child\" data-id=\"dc5baea\" data-element_type=\"container\" data-e-type=\"container\">\n\t\t\t\t<div class=\"elementor-element elementor-element-c6ae4fa product-detail-title elementor-widget elementor-widget-heading\" data-id=\"c6ae4fa\" data-element_type=\"widget\" data-e-type=\"widget\" data-widget_type=\"heading.default\">\n\t\t\t\t\t<h1 class=\"elementor-heading-title elementor-size-default\">Vidange et nettoyage professionnels de digesteurs<\/h1>\t\t\t\t<\/div>\n\t\t\t\t<div class=\"elementor-element elementor-element-2d82468 elementor-widget elementor-widget-text-editor\" data-id=\"2d82468\" data-element_type=\"widget\" data-e-type=\"widget\" data-widget_type=\"text-editor.default\">\n\t\t\t\t\t\t\t\t\t<p>La vidange et le nettoyage r\u00e9guliers des digesteurs sont essentiels pour conserver le volume total des cuves de digestion dans les stations d&rsquo;\u00e9puration. FILTECH propose des solutions globales sp\u00e9cialis\u00e9es pour les digesteurs et les cuves de stockage de boues. Forts de plus de 40 ans d&rsquo;exp\u00e9rience, nous garantissons un d\u00e9roulement sans faille lors de chaque vidange de digesteur, une capacit\u00e9 de d\u00e9shydratation maximale et une restitution propre de votre cuve pour la r\u00e9vision.  <\/p>\t\t\t\t\t\t\t\t<\/div>\n\t\t\t\t<\/div>\n\t\t\t\t<div class=\"elementor-element elementor-element-7e1cc69 elementor-widget__width-initial elementor-widget elementor-widget-image\" data-id=\"7e1cc69\" data-element_type=\"widget\" data-e-type=\"widget\" data-widget_type=\"image.default\">\n\t\t\t\t\t\t\t\t\t\t\t\t\t\t\t<img fetchpriority=\"high\" decoding=\"async\" width=\"600\" height=\"600\" src=\"https:\/\/filtech.ch\/wp-content\/uploads\/2025\/12\/Faulturmentleerungen.jpg\" class=\"attachment-large size-large wp-image-2826\" alt=\"\" srcset=\"https:\/\/filtech.ch\/wp-content\/uploads\/2025\/12\/Faulturmentleerungen.jpg 600w, https:\/\/filtech.ch\/wp-content\/uploads\/2025\/12\/Faulturmentleerungen-300x300.jpg 300w, https:\/\/filtech.ch\/wp-content\/uploads\/2025\/12\/Faulturmentleerungen-150x150.jpg 150w\" sizes=\"(max-width: 600px) 100vw, 600px\" \/>\t\t\t\t\t\t\t\t\t\t\t\t\t\t\t<\/div>\n\t\t\t\t\t<\/div>\n\t\t\t\t<\/div>\n\t\t<div class=\"elementor-element elementor-element-b665dd1 e-flex e-con-boxed e-con e-child\" data-id=\"b665dd1\" data-element_type=\"container\" data-e-type=\"container\" data-settings=\"{&quot;background_background&quot;:&quot;classic&quot;}\">\n\t\t\t\t\t<div class=\"e-con-inner\">\n\t\t<div class=\"elementor-element elementor-element-f56448b e-con-full e-flex e-con e-child\" data-id=\"f56448b\" data-element_type=\"container\" data-e-type=\"container\">\n\t\t\t\t<div class=\"elementor-element elementor-element-8bf9381 elementor-widget elementor-widget-heading\" data-id=\"8bf9381\" data-element_type=\"widget\" data-e-type=\"widget\" data-widget_type=\"heading.default\">\n\t\t\t\t\t<h2 class=\"elementor-heading-title elementor-size-default\">D\u00e9shydratation mobile<\/h2>\t\t\t\t<\/div>\n\t\t\t\t<div class=\"elementor-element elementor-element-c3c4aba elementor-widget elementor-widget-heading\" data-id=\"c3c4aba\" data-element_type=\"widget\" data-e-type=\"widget\" data-widget_type=\"heading.default\">\n\t\t\t\t\t<h3 class=\"elementor-heading-title elementor-size-default\">La technologie \u00e0 la demandeTechnik auf Abruf<\/h3>\t\t\t\t<\/div>\n\t\t\t\t<div class=\"elementor-element elementor-element-03a3c97 elementor-widget elementor-widget-text-editor\" data-id=\"03a3c97\" data-element_type=\"widget\" data-e-type=\"widget\" data-widget_type=\"text-editor.default\">\n\t\t\t\t\t\t\t\t\t<p>Pour la dur\u00e9e de la vidange, nous mettons \u00e0 disposition des installations de d\u00e9shydratation mobiles tr\u00e8s performantes. \u00c0 l&rsquo;aide de nos pompes sp\u00e9ciales ou de camions aspirateurs, nous extrayons en toute s\u00e9curit\u00e9 les d\u00e9p\u00f4ts sableux et fibreux hors de la cuve. Ensuite, nos presses \u00e0 bandes mobiles, mont\u00e9es directement sur site, entrent en action. Nos solutions de location permettent de r\u00e9duire les boues liquides g\u00e9n\u00e9r\u00e9es \u00e0 un minimum directement sur place, ce qui diminue massivement les trajets de transport et les co\u00fbts d&rsquo;\u00e9limination. En raison de la forte proportion min\u00e9rale, nous atteignons ainsi des taux de mati\u00e8re s\u00e8che allant jusqu&rsquo;\u00e0 45 %.    <\/p>\t\t\t\t\t\t\t\t<\/div>\n\t\t\t\t<\/div>\n\t\t<div class=\"elementor-element elementor-element-d71bbf3 e-con-full e-flex e-con e-child\" data-id=\"d71bbf3\" data-element_type=\"container\" data-e-type=\"container\">\n\t\t\t\t<div class=\"elementor-element elementor-element-752638e elementor-widget elementor-widget-heading\" data-id=\"752638e\" data-element_type=\"widget\" data-e-type=\"widget\" data-widget_type=\"heading.default\">\n\t\t\t\t\t<h2 class=\"elementor-heading-title elementor-size-default\">D\u00e9shydratation sur prestation avec service complet<\/h2>\t\t\t\t<\/div>\n\t\t\t\t<div class=\"elementor-element elementor-element-2e1436e elementor-widget elementor-widget-text-editor\" data-id=\"2e1436e\" data-element_type=\"widget\" data-e-type=\"widget\" data-widget_type=\"text-editor.default\">\n\t\t\t\t\t\t\t\t\t<p>Chez FILTECH, vous b\u00e9n\u00e9ficiez de la \u00ab solution cl\u00e9 en main \u00bb. En tant qu&rsquo;entreprise exp\u00e9riment\u00e9e, nous ne prenons pas seulement en charge la mise \u00e0 disposition des machines, mais l&rsquo;ex\u00e9cution compl\u00e8te. Notre personnel qualifi\u00e9 et exp\u00e9riment\u00e9 g\u00e8re l&rsquo;ensemble du processus, du pompage des boues \u00e0 la coordination logistique, en passant par une d\u00e9shydratation efficace. Nous veillons \u00e0 ce que votre exploitation soit le moins perturb\u00e9e possible et que le calendrier des travaux de r\u00e9vision ult\u00e9rieurs soit scrupuleusement respect\u00e9.   <\/p>\t\t\t\t\t\t\t\t<\/div>\n\t\t\t\t<\/div>\n\t\t\t\t\t<\/div>\n\t\t\t\t<\/div>\n\t\t<div class=\"elementor-element elementor-element-5e8e38e e-flex e-con-boxed e-con e-parent\" data-id=\"5e8e38e\" data-element_type=\"container\" data-e-type=\"container\">\n\t\t\t\t\t<div class=\"e-con-inner\">\n\t\t\t\t<div class=\"elementor-element elementor-element-080ee40 product-detail-title elementor-widget elementor-widget-heading\" data-id=\"080ee40\" data-element_type=\"widget\" data-e-type=\"widget\" data-widget_type=\"heading.default\">\n\t\t\t\t\t<h2 class=\"elementor-heading-title elementor-size-default\">Nos produits<\/h2>\t\t\t\t<\/div>\n\t\t\t\t<div class=\"elementor-element elementor-element-f2c46b6 elementor-widget__width-initial elementor-widget elementor-widget-text-editor\" data-id=\"f2c46b6\" data-element_type=\"widget\" data-e-type=\"widget\" data-widget_type=\"text-editor.default\">\n\t\t\t\t\t\t\t\t\t<p>Dans le cadre d&rsquo;une vidange de digesteur, nous utilisons des machines robustes et adapt\u00e9es pour extraire les d\u00e9p\u00f4ts sableux et fibreux et les d\u00e9shydrater sur site.<\/p>\t\t\t\t\t\t\t\t<\/div>\n\t\t<div class=\"elementor-element elementor-element-0b95834 e-grid e-con-full e-con e-child\" data-id=\"0b95834\" data-element_type=\"container\" data-e-type=\"container\">\n\t\t<div class=\"elementor-element elementor-element-7bb9829 e-con-full category-container e-flex e-con e-child\" data-id=\"7bb9829\" data-element_type=\"container\" data-e-type=\"container\">\n\t\t<div class=\"elementor-element elementor-element-e125619 e-con-full category-backgroundimg-container e-flex e-con e-child\" data-id=\"e125619\" data-element_type=\"container\" data-e-type=\"container\" data-settings=\"{&quot;background_background&quot;:&quot;classic&quot;}\">\n\t\t<div class=\"elementor-element elementor-element-c023bb4 e-con-full e-flex e-con e-child\" data-id=\"c023bb4\" data-element_type=\"container\" data-e-type=\"container\">\n\t\t\t\t<div class=\"elementor-element elementor-element-7388fed elementor-grid-1 elementor-grid-tablet-1 elementor-grid-mobile-1 elementor-widget elementor-widget-loop-grid\" data-id=\"7388fed\" data-element_type=\"widget\" data-e-type=\"widget\" data-settings=\"{&quot;template_id&quot;:833,&quot;columns&quot;:1,&quot;columns_tablet&quot;:1,&quot;row_gap&quot;:{&quot;unit&quot;:&quot;px&quot;,&quot;size&quot;:5,&quot;sizes&quot;:[]},&quot;_skin&quot;:&quot;post&quot;,&quot;columns_mobile&quot;:&quot;1&quot;,&quot;edit_handle_selector&quot;:&quot;[data-elementor-type=\\&quot;loop-item\\&quot;]&quot;,&quot;row_gap_tablet&quot;:{&quot;unit&quot;:&quot;px&quot;,&quot;size&quot;:&quot;&quot;,&quot;sizes&quot;:[]},&quot;row_gap_mobile&quot;:{&quot;unit&quot;:&quot;px&quot;,&quot;size&quot;:&quot;&quot;,&quot;sizes&quot;:[]}}\" data-widget_type=\"loop-grid.post\">\n\t\t\t\t<div class=\"elementor-widget-container\">\n\t\t\t\t\t\t\t<div class=\"elementor-loop-container elementor-grid\" role=\"list\">\n\t\t<style id=\"loop-833\">.elementor-833 .elementor-element.elementor-element-56a17e8{--display:flex;--flex-direction:column;--container-widget-width:100%;--container-widget-height:initial;--container-widget-flex-grow:0;--container-widget-align-self:initial;--flex-wrap-mobile:wrap;}<\/style>\t\t<div data-elementor-type=\"loop-item\" data-elementor-id=\"833\" class=\"elementor elementor-833 e-loop-item e-loop-item-3141 post-3141 post type-post status-publish format-standard has-post-thumbnail hentry category-vidange-de-digesteurs\" data-elementor-post-type=\"elementor_library\" data-custom-edit-handle=\"1\">\n\t\t\t<div class=\"elementor-element elementor-element-56a17e8 e-flex e-con-boxed e-con e-parent\" data-id=\"56a17e8\" data-element_type=\"container\" data-e-type=\"container\">\n\t\t\t\t\t<div class=\"e-con-inner\">\n\t\t\t\t<div class=\"elementor-element elementor-element-3a68f4f elementor-align-center elementor-widget elementor-widget-button\" data-id=\"3a68f4f\" data-element_type=\"widget\" data-e-type=\"widget\" data-widget_type=\"button.default\">\n\t\t\t\t\t\t\t\t\t\t<a class=\"elementor-button elementor-button-link elementor-size-sm\" href=\"https:\/\/filtech.ch\/fr\/vidange-de-digesteurs\/\">\n\t\t\t\t\t\t<span class=\"elementor-button-content-wrapper\">\n\t\t\t\t\t\t\t\t\t<span class=\"elementor-button-text\">Vidange de digesteurs<\/span>\n\t\t\t\t\t<\/span>\n\t\t\t\t\t<\/a>\n\t\t\t\t\t\t\t\t<\/div>\n\t\t\t\t\t<\/div>\n\t\t\t\t<\/div>\n\t\t\t\t<\/div>\n\t\t\t\t<\/div>\n\t\t\n\t\t\t\t\t\t<\/div>\n\t\t\t\t<\/div>\n\t\t\t\t<\/div>\n\t\t\t\t<\/div>\n\t\t\t\t<div class=\"elementor-element elementor-element-41cdb92 elementor-widget elementor-widget-heading\" data-id=\"41cdb92\" data-element_type=\"widget\" data-e-type=\"widget\" data-widget_type=\"heading.default\">\n\t\t\t\t\t<h2 class=\"elementor-heading-title elementor-size-default\">Vidange de digesteurs<\/h2>\t\t\t\t<\/div>\n\t\t\t\t<\/div>\n\t\t\t\t<\/div>\n\t\t\t\t\t<\/div>\n\t\t\t\t<\/div>\n\t\t<div class=\"elementor-element elementor-element-51ca0ee e-flex e-con-boxed e-con e-parent\" data-id=\"51ca0ee\" data-element_type=\"container\" data-e-type=\"container\">\n\t\t\t\t\t<div class=\"e-con-inner\">\n\t\t\t\t<div class=\"elementor-element elementor-element-b6d550a product-detail-title elementor-widget elementor-widget-heading\" data-id=\"b6d550a\" data-element_type=\"widget\" data-e-type=\"widget\" data-widget_type=\"heading.default\">\n\t\t\t\t\t<h2 class=\"elementor-heading-title elementor-size-default\">S\u00e9curit\u00e9 des processus<\/h2>\t\t\t\t<\/div>\n\t\t\t\t<div class=\"elementor-element elementor-element-66a2920 elementor-widget__width-initial elementor-widget elementor-widget-text-editor\" data-id=\"66a2920\" data-element_type=\"widget\" data-e-type=\"widget\" data-widget_type=\"text-editor.default\">\n\t\t\t\t\t\t\t\t\t<p>Une vidange professionnelle par FILTECH se distingue par une efficacit\u00e9 maximale. Gr\u00e2ce \u00e0 la d\u00e9shydratation optimis\u00e9e sur site, nous r\u00e9duisons de mani\u00e8re significative le volume de boues \u00e0 \u00e9liminer. Nos nombreuses ann\u00e9es d&rsquo;expertise dans le traitement des boues dig\u00e9r\u00e9es garantissent que m\u00eame les d\u00e9p\u00f4ts difficiles sont pomp\u00e9s et trait\u00e9s en toute s\u00e9curit\u00e9, tandis que la protection de votre infrastructure reste \u00e0 tout moment la priorit\u00e9 absolue.  <\/p>\t\t\t\t\t\t\t\t<\/div>\n\t\t\t\t\t<\/div>\n\t\t\t\t<\/div>\n\t\t<div class=\"elementor-element elementor-element-b8933dd e-flex e-con-boxed e-con e-child\" data-id=\"b8933dd\" data-element_type=\"container\" data-e-type=\"container\" data-settings=\"{&quot;background_background&quot;:&quot;classic&quot;}\">\n\t\t\t\t\t<div class=\"e-con-inner\">\n\t\t<div class=\"elementor-element elementor-element-4e205b7 e-con-full e-flex e-con e-child\" data-id=\"4e205b7\" data-element_type=\"container\" data-e-type=\"container\">\n\t\t\t\t<div class=\"elementor-element elementor-element-ff8754d elementor-widget elementor-widget-heading\" data-id=\"ff8754d\" data-element_type=\"widget\" data-e-type=\"widget\" data-widget_type=\"heading.default\">\n\t\t\t\t\t<h2 class=\"elementor-heading-title elementor-size-default\">Pourquoi FILTECH ?<\/h2>\t\t\t\t<\/div>\n\t\t\t\t<\/div>\n\t\t<div class=\"elementor-element elementor-element-d882f3b e-con-full e-flex e-con e-child\" data-id=\"d882f3b\" data-element_type=\"container\" data-e-type=\"container\">\n\t\t\t\t<div class=\"elementor-element elementor-element-f245d7f elementor-widget elementor-widget-text-editor\" data-id=\"f245d7f\" data-element_type=\"widget\" data-e-type=\"widget\" data-widget_type=\"text-editor.default\">\n\t\t\t\t\t\t\t\t\t<ul><li>Plus de 40 ans d&rsquo;exp\u00e9rience dans la vidange de digesteurs<\/li><li>R\u00e9duction des co\u00fbts d&rsquo;\u00e9limination gr\u00e2ce \u00e0 une d\u00e9shydratation maximale des boues sur site<\/li><li>Gestion compl\u00e8te du projet par un seul prestataire (Service complet)<\/li><li>Ex\u00e9cution rapide et propre pour minimiser les temps d&rsquo;arr\u00eat<\/li><li>Utilisation d&rsquo;\u00e9quipements robustes et adapt\u00e9s \u00e0 l&rsquo;application<\/li><li>Soutien professionnel pour la planification logistique<\/li><\/ul><p> <\/p><p>Qu&rsquo;il s&rsquo;agisse d&rsquo;une r\u00e9vision planifi\u00e9e ou d&rsquo;une vidange d&rsquo;urgence, FILTECH est votre partenaire comp\u00e9tent pour une vidange propre, rapide et \u00e9conomique de vos installations de traitement des boues.<\/p>\t\t\t\t\t\t\t\t<\/div>\n\t\t\t\t<\/div>\n\t\t\t\t\t<\/div>\n\t\t\t\t<\/div>\n\t\t\t\t<\/div>\n\t\t","protected":false},"excerpt":{"rendered":"<p>Vidange et nettoyage professionnels de digesteurs La vidange et le nettoyage r\u00e9guliers des digesteurs sont essentiels pour conserver le volume total des cuves de digestion dans les stations d&rsquo;\u00e9puration. FILTECH propose des solutions globales sp\u00e9cialis\u00e9es pour les digesteurs et les cuves de stockage de boues. Forts de plus de 40 ans d&rsquo;exp\u00e9rience, nous garantissons un [&hellip;]<\/p>\n","protected":false},"author":1,"featured_media":0,"parent":0,"menu_order":0,"comment_status":"closed","ping_status":"closed","template":"","meta":{"_acf_changed":false,"footnotes":""},"class_list":["post-3692","page","type-page","status-publish","hentry"],"acf":[],"yoast_head":"<!-- This site is optimized with the Yoast SEO plugin v27.2 - https:\/\/yoast.com\/product\/yoast-seo-wordpress\/ -->\n<title>Vidange de digesteurs pour stations d&#039;\u00e9puration | Boues &amp; Digesteurs<\/title>\n<meta name=\"description\" content=\"Syst\u00e8mes et services pour la vidange de digesteurs. Pompage s\u00fbr, d\u00e9shydratation efficace et pr\u00e9paration optimale pour les r\u00e9visions.\" \/>\n<meta name=\"robots\" content=\"index, follow, max-snippet:-1, max-image-preview:large, max-video-preview:-1\" \/>\n<link rel=\"canonical\" href=\"https:\/\/filtech.ch\/fr\/vidange-de-digesteurs\/\" \/>\n<meta property=\"og:locale\" content=\"fr_FR\" \/>\n<meta property=\"og:type\" content=\"article\" \/>\n<meta property=\"og:title\" content=\"Vidange de digesteurs pour stations d&#039;\u00e9puration | Boues &amp; Digesteurs\" \/>\n<meta property=\"og:description\" content=\"Syst\u00e8mes et services pour la vidange de digesteurs. Pompage s\u00fbr, d\u00e9shydratation efficace et pr\u00e9paration optimale pour les r\u00e9visions.\" \/>\n<meta property=\"og:url\" content=\"https:\/\/filtech.ch\/fr\/vidange-de-digesteurs\/\" \/>\n<meta property=\"og:site_name\" content=\"Filtech\" \/>\n<meta property=\"article:modified_time\" content=\"2026-04-15T13:51:48+00:00\" \/>\n<meta property=\"og:image\" content=\"https:\/\/filtech.ch\/wp-content\/uploads\/2025\/12\/Faulturmentleerungen.jpg\" \/>\n\t<meta property=\"og:image:width\" content=\"600\" \/>\n\t<meta property=\"og:image:height\" content=\"600\" \/>\n\t<meta property=\"og:image:type\" content=\"image\/jpeg\" \/>\n<meta name=\"twitter:card\" content=\"summary_large_image\" \/>\n<meta name=\"twitter:label1\" content=\"Dur\u00e9e de lecture estim\u00e9e\" \/>\n\t<meta name=\"twitter:data1\" content=\"3 minutes\" \/>\n<script type=\"application\/ld+json\" class=\"yoast-schema-graph\">{\"@context\":\"https:\/\/schema.org\",\"@graph\":[{\"@type\":\"WebPage\",\"@id\":\"https:\/\/filtech.ch\/fr\/vidange-de-digesteurs\/\",\"url\":\"https:\/\/filtech.ch\/fr\/vidange-de-digesteurs\/\",\"name\":\"Vidange de digesteurs pour stations d'\u00e9puration | Boues & Digesteurs\",\"isPartOf\":{\"@id\":\"https:\/\/filtech.ch\/fr\/#website\"},\"primaryImageOfPage\":{\"@id\":\"https:\/\/filtech.ch\/fr\/vidange-de-digesteurs\/#primaryimage\"},\"image\":{\"@id\":\"https:\/\/filtech.ch\/fr\/vidange-de-digesteurs\/#primaryimage\"},\"thumbnailUrl\":\"https:\/\/filtech.ch\/wp-content\/uploads\/2025\/12\/Faulturmentleerungen.jpg\",\"datePublished\":\"2026-04-13T12:13:42+00:00\",\"dateModified\":\"2026-04-15T13:51:48+00:00\",\"description\":\"Syst\u00e8mes et services pour la vidange de digesteurs. Pompage s\u00fbr, d\u00e9shydratation efficace et pr\u00e9paration optimale pour les r\u00e9visions.\",\"breadcrumb\":{\"@id\":\"https:\/\/filtech.ch\/fr\/vidange-de-digesteurs\/#breadcrumb\"},\"inLanguage\":\"fr-FR\",\"potentialAction\":[{\"@type\":\"ReadAction\",\"target\":[\"https:\/\/filtech.ch\/fr\/vidange-de-digesteurs\/\"]}]},{\"@type\":\"ImageObject\",\"inLanguage\":\"fr-FR\",\"@id\":\"https:\/\/filtech.ch\/fr\/vidange-de-digesteurs\/#primaryimage\",\"url\":\"https:\/\/filtech.ch\/wp-content\/uploads\/2025\/12\/Faulturmentleerungen.jpg\",\"contentUrl\":\"https:\/\/filtech.ch\/wp-content\/uploads\/2025\/12\/Faulturmentleerungen.jpg\"},{\"@type\":\"BreadcrumbList\",\"@id\":\"https:\/\/filtech.ch\/fr\/vidange-de-digesteurs\/#breadcrumb\",\"itemListElement\":[{\"@type\":\"ListItem\",\"position\":1,\"name\":\"Startseite\",\"item\":\"https:\/\/filtech.ch\/fr\/home-2\/\"},{\"@type\":\"ListItem\",\"position\":2,\"name\":\"Vidange de digesteurs\"}]},{\"@type\":\"WebSite\",\"@id\":\"https:\/\/filtech.ch\/fr\/#website\",\"url\":\"https:\/\/filtech.ch\/fr\/\",\"name\":\"Filtech Entw\u00e4sserungen AG\",\"description\":\"\",\"publisher\":{\"@id\":\"https:\/\/filtech.ch\/fr\/#organization\"},\"alternateName\":\"Filtech\",\"potentialAction\":[{\"@type\":\"SearchAction\",\"target\":{\"@type\":\"EntryPoint\",\"urlTemplate\":\"https:\/\/filtech.ch\/fr\/?s={search_term_string}\"},\"query-input\":{\"@type\":\"PropertyValueSpecification\",\"valueRequired\":true,\"valueName\":\"search_term_string\"}}],\"inLanguage\":\"fr-FR\"},{\"@type\":\"Organization\",\"@id\":\"https:\/\/filtech.ch\/fr\/#organization\",\"name\":\"Filtech Entw\u00e4sserungen AG\",\"url\":\"https:\/\/filtech.ch\/fr\/\",\"logo\":{\"@type\":\"ImageObject\",\"inLanguage\":\"fr-FR\",\"@id\":\"https:\/\/filtech.ch\/fr\/#\/schema\/logo\/image\/\",\"url\":\"https:\/\/filtech.ch\/wp-content\/uploads\/2025\/09\/logo.png\",\"contentUrl\":\"https:\/\/filtech.ch\/wp-content\/uploads\/2025\/09\/logo.png\",\"width\":958,\"height\":309,\"caption\":\"Filtech Entw\u00e4sserungen AG\"},\"image\":{\"@id\":\"https:\/\/filtech.ch\/fr\/#\/schema\/logo\/image\/\"},\"sameAs\":[\"https:\/\/www.linkedin.com\/company\/filtech-entw\u00e4sserung-ag\/posts\/?feedView=all\"]}]}<\/script>\n<!-- \/ Yoast SEO plugin. -->","yoast_head_json":{"title":"Vidange de digesteurs pour stations d'\u00e9puration | Boues & Digesteurs","description":"Syst\u00e8mes et services pour la vidange de digesteurs. Pompage s\u00fbr, d\u00e9shydratation efficace et pr\u00e9paration optimale pour les r\u00e9visions.","robots":{"index":"index","follow":"follow","max-snippet":"max-snippet:-1","max-image-preview":"max-image-preview:large","max-video-preview":"max-video-preview:-1"},"canonical":"https:\/\/filtech.ch\/fr\/vidange-de-digesteurs\/","og_locale":"fr_FR","og_type":"article","og_title":"Vidange de digesteurs pour stations d'\u00e9puration | Boues & Digesteurs","og_description":"Syst\u00e8mes et services pour la vidange de digesteurs. Pompage s\u00fbr, d\u00e9shydratation efficace et pr\u00e9paration optimale pour les r\u00e9visions.","og_url":"https:\/\/filtech.ch\/fr\/vidange-de-digesteurs\/","og_site_name":"Filtech","article_modified_time":"2026-04-15T13:51:48+00:00","og_image":[{"width":600,"height":600,"url":"https:\/\/filtech.ch\/wp-content\/uploads\/2025\/12\/Faulturmentleerungen.jpg","type":"image\/jpeg"}],"twitter_card":"summary_large_image","twitter_misc":{"Dur\u00e9e de lecture estim\u00e9e":"3 minutes"},"schema":{"@context":"https:\/\/schema.org","@graph":[{"@type":"WebPage","@id":"https:\/\/filtech.ch\/fr\/vidange-de-digesteurs\/","url":"https:\/\/filtech.ch\/fr\/vidange-de-digesteurs\/","name":"Vidange de digesteurs pour stations d'\u00e9puration | Boues & Digesteurs","isPartOf":{"@id":"https:\/\/filtech.ch\/fr\/#website"},"primaryImageOfPage":{"@id":"https:\/\/filtech.ch\/fr\/vidange-de-digesteurs\/#primaryimage"},"image":{"@id":"https:\/\/filtech.ch\/fr\/vidange-de-digesteurs\/#primaryimage"},"thumbnailUrl":"https:\/\/filtech.ch\/wp-content\/uploads\/2025\/12\/Faulturmentleerungen.jpg","datePublished":"2026-04-13T12:13:42+00:00","dateModified":"2026-04-15T13:51:48+00:00","description":"Syst\u00e8mes et services pour la vidange de digesteurs. Pompage s\u00fbr, d\u00e9shydratation efficace et pr\u00e9paration optimale pour les r\u00e9visions.","breadcrumb":{"@id":"https:\/\/filtech.ch\/fr\/vidange-de-digesteurs\/#breadcrumb"},"inLanguage":"fr-FR","potentialAction":[{"@type":"ReadAction","target":["https:\/\/filtech.ch\/fr\/vidange-de-digesteurs\/"]}]},{"@type":"ImageObject","inLanguage":"fr-FR","@id":"https:\/\/filtech.ch\/fr\/vidange-de-digesteurs\/#primaryimage","url":"https:\/\/filtech.ch\/wp-content\/uploads\/2025\/12\/Faulturmentleerungen.jpg","contentUrl":"https:\/\/filtech.ch\/wp-content\/uploads\/2025\/12\/Faulturmentleerungen.jpg"},{"@type":"BreadcrumbList","@id":"https:\/\/filtech.ch\/fr\/vidange-de-digesteurs\/#breadcrumb","itemListElement":[{"@type":"ListItem","position":1,"name":"Startseite","item":"https:\/\/filtech.ch\/fr\/home-2\/"},{"@type":"ListItem","position":2,"name":"Vidange de digesteurs"}]},{"@type":"WebSite","@id":"https:\/\/filtech.ch\/fr\/#website","url":"https:\/\/filtech.ch\/fr\/","name":"Filtech Entw\u00e4sserungen AG","description":"","publisher":{"@id":"https:\/\/filtech.ch\/fr\/#organization"},"alternateName":"Filtech","potentialAction":[{"@type":"SearchAction","target":{"@type":"EntryPoint","urlTemplate":"https:\/\/filtech.ch\/fr\/?s={search_term_string}"},"query-input":{"@type":"PropertyValueSpecification","valueRequired":true,"valueName":"search_term_string"}}],"inLanguage":"fr-FR"},{"@type":"Organization","@id":"https:\/\/filtech.ch\/fr\/#organization","name":"Filtech Entw\u00e4sserungen AG","url":"https:\/\/filtech.ch\/fr\/","logo":{"@type":"ImageObject","inLanguage":"fr-FR","@id":"https:\/\/filtech.ch\/fr\/#\/schema\/logo\/image\/","url":"https:\/\/filtech.ch\/wp-content\/uploads\/2025\/09\/logo.png","contentUrl":"https:\/\/filtech.ch\/wp-content\/uploads\/2025\/09\/logo.png","width":958,"height":309,"caption":"Filtech Entw\u00e4sserungen AG"},"image":{"@id":"https:\/\/filtech.ch\/fr\/#\/schema\/logo\/image\/"},"sameAs":["https:\/\/www.linkedin.com\/company\/filtech-entw\u00e4sserung-ag\/posts\/?feedView=all"]}]}},"_links":{"self":[{"href":"https:\/\/filtech.ch\/fr\/wp-json\/wp\/v2\/pages\/3692","targetHints":{"allow":["GET"]}}],"collection":[{"href":"https:\/\/filtech.ch\/fr\/wp-json\/wp\/v2\/pages"}],"about":[{"href":"https:\/\/filtech.ch\/fr\/wp-json\/wp\/v2\/types\/page"}],"author":[{"embeddable":true,"href":"https:\/\/filtech.ch\/fr\/wp-json\/wp\/v2\/users\/1"}],"replies":[{"embeddable":true,"href":"https:\/\/filtech.ch\/fr\/wp-json\/wp\/v2\/comments?post=3692"}],"version-history":[{"count":1,"href":"https:\/\/filtech.ch\/fr\/wp-json\/wp\/v2\/pages\/3692\/revisions"}],"predecessor-version":[{"id":3693,"href":"https:\/\/filtech.ch\/fr\/wp-json\/wp\/v2\/pages\/3692\/revisions\/3693"}],"wp:attachment":[{"href":"https:\/\/filtech.ch\/fr\/wp-json\/wp\/v2\/media?parent=3692"}],"curies":[{"name":"wp","href":"https:\/\/api.w.org\/{rel}","templated":true}]}}