{"id":3694,"date":"2026-04-13T12:15:32","date_gmt":"2026-04-13T12:15:32","guid":{"rendered":"https:\/\/filtech.ch\/deshydratation-sur-prestation\/"},"modified":"2026-04-15T13:56:38","modified_gmt":"2026-04-15T13:56:38","slug":"deshydratation-sur-prestation","status":"publish","type":"page","link":"https:\/\/filtech.ch\/fr\/deshydratation-sur-prestation\/","title":{"rendered":"D\u00e9shydratation sur prestation"},"content":{"rendered":"\t\t<div data-elementor-type=\"wp-page\" data-elementor-id=\"3694\" class=\"elementor elementor-3694 elementor-3573\" data-elementor-post-type=\"page\">\n\t\t\t\t<div class=\"elementor-element elementor-element-056ac62 e-flex e-con-boxed e-con e-parent\" data-id=\"056ac62\" data-element_type=\"container\" data-e-type=\"container\">\n\t\t\t\t\t<div class=\"e-con-inner\">\n\t\t<div class=\"elementor-element elementor-element-dc5baea e-con-full e-flex e-con e-child\" data-id=\"dc5baea\" data-element_type=\"container\" data-e-type=\"container\">\n\t\t\t\t<div class=\"elementor-element elementor-element-c6ae4fa product-detail-title elementor-widget elementor-widget-heading\" data-id=\"c6ae4fa\" data-element_type=\"widget\" data-e-type=\"widget\" data-widget_type=\"heading.default\">\n\t\t\t\t\t<h1 class=\"elementor-heading-title elementor-size-default\">D\u00e9shydratation sur prestation professionnelle pour les communes et l'industrie<\/h1>\t\t\t\t<\/div>\n\t\t\t\t<div class=\"elementor-element elementor-element-2d82468 elementor-widget elementor-widget-text-editor\" data-id=\"2d82468\" data-element_type=\"widget\" data-e-type=\"widget\" data-widget_type=\"text-editor.default\">\n\t\t\t\t\t\t\t\t\t<p>Lorsque vos propres capacit\u00e9s sont insuffisantes ou que les installations fixes doivent \u00eatre entretenues, la d\u00e9shydratation sur prestation est la solution la plus \u00e9conomique. FILTECH vous propose la d\u00e9shydratation compl\u00e8te des boues en tant que service, incluant des machines de pointe et un personnel d&rsquo;exploitation exp\u00e9riment\u00e9. Forts de plus de 40 ans d&rsquo;exp\u00e9rience, nous garantissons des taux de mati\u00e8re s\u00e8che maximaux, une gestion de projet fiable et une r\u00e9duction significative de vos co\u00fbts d&rsquo;\u00e9limination.  <\/p>\t\t\t\t\t\t\t\t<\/div>\n\t\t\t\t<\/div>\n\t\t\t\t<div class=\"elementor-element elementor-element-7e1cc69 elementor-widget__width-initial elementor-widget elementor-widget-image\" data-id=\"7e1cc69\" data-element_type=\"widget\" data-e-type=\"widget\" data-widget_type=\"image.default\">\n\t\t\t\t\t\t\t\t\t\t\t\t\t\t\t<img fetchpriority=\"high\" decoding=\"async\" width=\"600\" height=\"600\" src=\"https:\/\/filtech.ch\/wp-content\/uploads\/2025\/12\/Lohnentwaesserungen.jpg\" class=\"attachment-large size-large wp-image-2827\" alt=\"\" srcset=\"https:\/\/filtech.ch\/wp-content\/uploads\/2025\/12\/Lohnentwaesserungen.jpg 600w, https:\/\/filtech.ch\/wp-content\/uploads\/2025\/12\/Lohnentwaesserungen-300x300.jpg 300w, https:\/\/filtech.ch\/wp-content\/uploads\/2025\/12\/Lohnentwaesserungen-150x150.jpg 150w\" sizes=\"(max-width: 600px) 100vw, 600px\" \/>\t\t\t\t\t\t\t\t\t\t\t\t\t\t\t<\/div>\n\t\t\t\t\t<\/div>\n\t\t\t\t<\/div>\n\t\t<div class=\"elementor-element elementor-element-b665dd1 e-flex e-con-boxed e-con e-child\" data-id=\"b665dd1\" data-element_type=\"container\" data-e-type=\"container\" data-settings=\"{&quot;background_background&quot;:&quot;classic&quot;}\">\n\t\t\t\t\t<div class=\"e-con-inner\">\n\t\t<div class=\"elementor-element elementor-element-f56448b e-con-full e-flex e-con e-child\" data-id=\"f56448b\" data-element_type=\"container\" data-e-type=\"container\">\n\t\t\t\t<div class=\"elementor-element elementor-element-8bf9381 elementor-widget elementor-widget-heading\" data-id=\"8bf9381\" data-element_type=\"widget\" data-e-type=\"widget\" data-widget_type=\"heading.default\">\n\t\t\t\t\t<h2 class=\"elementor-heading-title elementor-size-default\">Installations mobiles avec personnel qualifi\u00e9<\/h2>\t\t\t\t<\/div>\n\t\t\t\t<div class=\"elementor-element elementor-element-03a3c97 elementor-widget elementor-widget-text-editor\" data-id=\"03a3c97\" data-element_type=\"widget\" data-e-type=\"widget\" data-widget_type=\"text-editor.default\">\n\t\t\t\t\t\t\t\t\t<p>Notre service de d\u00e9shydratation sur prestation repose sur nos unit\u00e9s de d\u00e9shydratation hautement mobiles. Vous ne louez pas seulement la technologie, mais le r\u00e9sultat. Nous vous apportons nos centrifugeuses d\u00e9canteuses mobiles, les int\u00e9grons dans votre processus et prenons en charge la d\u00e9shydratation de vos boues. Gr\u00e2ce \u00e0 nos mod\u00e8les de service flexibles, nous pouvons r\u00e9aliser sans probl\u00e8me aussi bien des interventions d&rsquo;urgence \u00e0 court terme que des coop\u00e9rations \u00e0 long terme sur plusieurs mois.   <\/p>\t\t\t\t\t\t\t\t<\/div>\n\t\t\t\t<\/div>\n\t\t<div class=\"elementor-element elementor-element-d71bbf3 e-con-full e-flex e-con e-child\" data-id=\"d71bbf3\" data-element_type=\"container\" data-e-type=\"container\">\n\t\t\t\t<div class=\"elementor-element elementor-element-752638e elementor-widget elementor-widget-heading\" data-id=\"752638e\" data-element_type=\"widget\" data-e-type=\"widget\" data-widget_type=\"heading.default\">\n\t\t\t\t\t<h2 class=\"elementor-heading-title elementor-size-default\">Solution cl\u00e9 en main pour votre station d'\u00e9puration<\/h2>\t\t\t\t<\/div>\n\t\t\t\t<div class=\"elementor-element elementor-element-2e1436e elementor-widget elementor-widget-text-editor\" data-id=\"2e1436e\" data-element_type=\"widget\" data-e-type=\"widget\" data-widget_type=\"text-editor.default\">\n\t\t\t\t\t\t\t\t\t<p>Avec la d\u00e9shydratation sur prestation de FILTECH, vous n&rsquo;avez \u00e0 vous soucier de rien (externalisation compl\u00e8te). Nos prestations comprennent la mise \u00e0 disposition des \u00e9quipements de d\u00e9shydratation, le r\u00e9glage optimal des agents floculants ainsi que la surveillance continue du processus par nos experts. Nous optimisons en permanence le d\u00e9bit et le r\u00e9sultat de la d\u00e9shydratation afin de r\u00e9duire au minimum le nombre de transports de boues. Votre personnel reste ainsi disponible pour ses t\u00e2ches principales, tandis que nous veillons au bon d\u00e9roulement des op\u00e9rations.   <\/p>\t\t\t\t\t\t\t\t<\/div>\n\t\t\t\t<\/div>\n\t\t\t\t\t<\/div>\n\t\t\t\t<\/div>\n\t\t<div class=\"elementor-element elementor-element-5e8e38e e-flex e-con-boxed e-con e-parent\" data-id=\"5e8e38e\" data-element_type=\"container\" data-e-type=\"container\">\n\t\t\t\t\t<div class=\"e-con-inner\">\n\t\t\t\t<div class=\"elementor-element elementor-element-080ee40 product-detail-title elementor-widget elementor-widget-heading\" data-id=\"080ee40\" data-element_type=\"widget\" data-e-type=\"widget\" data-widget_type=\"heading.default\">\n\t\t\t\t\t<h2 class=\"elementor-heading-title elementor-size-default\">Nos produits<\/h2>\t\t\t\t<\/div>\n\t\t\t\t<div class=\"elementor-element elementor-element-f2c46b6 elementor-widget__width-initial elementor-widget elementor-widget-text-editor\" data-id=\"f2c46b6\" data-element_type=\"widget\" data-e-type=\"widget\" data-widget_type=\"text-editor.default\">\n\t\t\t\t\t\t\t\t\t<p>Pour la d\u00e9shydratation sur prestation, FILTECH utilise diff\u00e9rents syst\u00e8mes mobiles \u00e0 haute performance, adapt\u00e9s \u00e0 chaque type de boues.<\/p>\t\t\t\t\t\t\t\t<\/div>\n\t\t<div class=\"elementor-element elementor-element-0b95834 e-grid e-con-full e-con e-child\" data-id=\"0b95834\" data-element_type=\"container\" data-e-type=\"container\">\n\t\t<div class=\"elementor-element elementor-element-3153bb3 e-con-full category-container e-flex e-con e-child\" data-id=\"3153bb3\" data-element_type=\"container\" data-e-type=\"container\">\n\t\t<div class=\"elementor-element elementor-element-0d939a5 e-con-full category-backgroundimg-container e-flex e-con e-child\" data-id=\"0d939a5\" data-element_type=\"container\" data-e-type=\"container\" data-settings=\"{&quot;background_background&quot;:&quot;classic&quot;}\">\n\t\t<div class=\"elementor-element elementor-element-6a43a6f e-con-full e-flex e-con e-child\" data-id=\"6a43a6f\" data-element_type=\"container\" data-e-type=\"container\">\n\t\t\t\t<div class=\"elementor-element elementor-element-f1f6023 elementor-grid-1 elementor-grid-tablet-1 elementor-grid-mobile-1 elementor-widget elementor-widget-loop-grid\" data-id=\"f1f6023\" data-element_type=\"widget\" data-e-type=\"widget\" data-settings=\"{&quot;template_id&quot;:833,&quot;columns&quot;:1,&quot;columns_tablet&quot;:1,&quot;row_gap&quot;:{&quot;unit&quot;:&quot;px&quot;,&quot;size&quot;:5,&quot;sizes&quot;:[]},&quot;_skin&quot;:&quot;post&quot;,&quot;columns_mobile&quot;:&quot;1&quot;,&quot;edit_handle_selector&quot;:&quot;[data-elementor-type=\\&quot;loop-item\\&quot;]&quot;,&quot;row_gap_tablet&quot;:{&quot;unit&quot;:&quot;px&quot;,&quot;size&quot;:&quot;&quot;,&quot;sizes&quot;:[]},&quot;row_gap_mobile&quot;:{&quot;unit&quot;:&quot;px&quot;,&quot;size&quot;:&quot;&quot;,&quot;sizes&quot;:[]}}\" data-widget_type=\"loop-grid.post\">\n\t\t\t\t<div class=\"elementor-widget-container\">\n\t\t\t\t\t\t\t<div class=\"elementor-loop-container elementor-grid\" role=\"list\">\n\t\t<style id=\"loop-833\">.elementor-833 .elementor-element.elementor-element-56a17e8{--display:flex;--flex-direction:column;--container-widget-width:100%;--container-widget-height:initial;--container-widget-flex-grow:0;--container-widget-align-self:initial;--flex-wrap-mobile:wrap;}<\/style>\t\t<div data-elementor-type=\"loop-item\" data-elementor-id=\"833\" class=\"elementor elementor-833 e-loop-item e-loop-item-3151 post-3151 post type-post status-publish format-standard has-post-thumbnail hentry category-deshydratation-sur-prestation\" data-elementor-post-type=\"elementor_library\" data-custom-edit-handle=\"1\">\n\t\t\t<div class=\"elementor-element elementor-element-56a17e8 e-flex e-con-boxed e-con e-parent\" data-id=\"56a17e8\" data-element_type=\"container\" data-e-type=\"container\">\n\t\t\t\t\t<div class=\"e-con-inner\">\n\t\t\t\t<div class=\"elementor-element elementor-element-3a68f4f elementor-align-center elementor-widget elementor-widget-button\" data-id=\"3a68f4f\" data-element_type=\"widget\" data-e-type=\"widget\" data-widget_type=\"button.default\">\n\t\t\t\t\t\t\t\t\t\t<a class=\"elementor-button elementor-button-link elementor-size-sm\" href=\"https:\/\/filtech.ch\/fr\/deshydratation-sur-prestation\/\">\n\t\t\t\t\t\t<span class=\"elementor-button-content-wrapper\">\n\t\t\t\t\t\t\t\t\t<span class=\"elementor-button-text\">D\u00e9shydratation sur prestation<\/span>\n\t\t\t\t\t<\/span>\n\t\t\t\t\t<\/a>\n\t\t\t\t\t\t\t\t<\/div>\n\t\t\t\t\t<\/div>\n\t\t\t\t<\/div>\n\t\t\t\t<\/div>\n\t\t\t\t<\/div>\n\t\t\n\t\t\t\t\t\t<\/div>\n\t\t\t\t<\/div>\n\t\t\t\t<\/div>\n\t\t\t\t<\/div>\n\t\t\t\t<div class=\"elementor-element elementor-element-644dcdc elementor-widget elementor-widget-heading\" data-id=\"644dcdc\" data-element_type=\"widget\" data-e-type=\"widget\" data-widget_type=\"heading.default\">\n\t\t\t\t\t<h2 class=\"elementor-heading-title elementor-size-default\">D\u00e9shydratation sur prestation<\/h2>\t\t\t\t<\/div>\n\t\t\t\t<\/div>\n\t\t\t\t<\/div>\n\t\t\t\t\t<\/div>\n\t\t\t\t<\/div>\n\t\t<div class=\"elementor-element elementor-element-51ca0ee e-flex e-con-boxed e-con e-parent\" data-id=\"51ca0ee\" data-element_type=\"container\" data-e-type=\"container\">\n\t\t\t\t\t<div class=\"e-con-inner\">\n\t\t\t\t<div class=\"elementor-element elementor-element-b6d550a product-detail-title elementor-widget elementor-widget-heading\" data-id=\"b6d550a\" data-element_type=\"widget\" data-e-type=\"widget\" data-widget_type=\"heading.default\">\n\t\t\t\t\t<h2 class=\"elementor-heading-title elementor-size-default\">Teneurs \u00e9lev\u00e9es en mati\u00e8re s\u00e8che et all\u00e8gement de la charge de travail<\/h2>\t\t\t\t<\/div>\n\t\t\t\t<div class=\"elementor-element elementor-element-66a2920 elementor-widget__width-initial elementor-widget elementor-widget-text-editor\" data-id=\"66a2920\" data-element_type=\"widget\" data-e-type=\"widget\" data-widget_type=\"text-editor.default\">\n\t\t\t\t\t\t\t\t\t<p>Notre service se distingue par l&rsquo;obtention de taux de mati\u00e8re s\u00e8che maximaux. Gr\u00e2ce \u00e0 la r\u00e9duction du volume des boues, les trajets de transport sont minimis\u00e9s. L&rsquo;utilisation de nos installations mobiles hautement automatis\u00e9es assure un processus stable et garantit que la d\u00e9shydratation est maintenue en toute s\u00e9curit\u00e9, m\u00eame lors des r\u00e9visions ou des pannes de la technologie fixe.  <\/p>\t\t\t\t\t\t\t\t<\/div>\n\t\t\t\t\t<\/div>\n\t\t\t\t<\/div>\n\t\t<div class=\"elementor-element elementor-element-b8933dd e-flex e-con-boxed e-con e-child\" data-id=\"b8933dd\" data-element_type=\"container\" data-e-type=\"container\" data-settings=\"{&quot;background_background&quot;:&quot;classic&quot;}\">\n\t\t\t\t\t<div class=\"e-con-inner\">\n\t\t<div class=\"elementor-element elementor-element-4e205b7 e-con-full e-flex e-con e-child\" data-id=\"4e205b7\" data-element_type=\"container\" data-e-type=\"container\">\n\t\t\t\t<div class=\"elementor-element elementor-element-ff8754d elementor-widget elementor-widget-heading\" data-id=\"ff8754d\" data-element_type=\"widget\" data-e-type=\"widget\" data-widget_type=\"heading.default\">\n\t\t\t\t\t<h2 class=\"elementor-heading-title elementor-size-default\">Pourquoi FILTECH ?<\/h2>\t\t\t\t<\/div>\n\t\t\t\t<\/div>\n\t\t<div class=\"elementor-element elementor-element-d882f3b e-con-full e-flex e-con e-child\" data-id=\"d882f3b\" data-element_type=\"container\" data-e-type=\"container\">\n\t\t\t\t<div class=\"elementor-element elementor-element-f245d7f elementor-widget elementor-widget-text-editor\" data-id=\"f245d7f\" data-element_type=\"widget\" data-e-type=\"widget\" data-widget_type=\"text-editor.default\">\n\t\t\t\t\t\t\t\t\t<ul><li>Plus de 40 ans d&rsquo;exp\u00e9rience dans la d\u00e9shydratation des boues<\/li><li>Utilisation d&rsquo;une technologie de machines mobiles de derni\u00e8re g\u00e9n\u00e9ration<\/li><li>Personnel d&rsquo;exploitation exp\u00e9riment\u00e9 pour soulager votre propre exploitation<\/li><li>D\u00e9bits \u00e9lev\u00e9s et taux de mati\u00e8re s\u00e8che (MS) optimis\u00e9s<\/li><li>R\u00e9duction du volume des boues et des co\u00fbts d&rsquo;\u00e9limination<\/li><li>Mise en service rapide des unit\u00e9s mobiles<\/li><\/ul><p> <\/p><p>Qu&rsquo;il s&rsquo;agisse d&rsquo;une solution transitoire \u00e0 court terme ou d&rsquo;une d\u00e9shydratation sur prestation planifi\u00e9e, FILTECH garantit un processus de d\u00e9shydratation fiable sur votre installation gr\u00e2ce \u00e0 sa technologie mobile et son personnel qualifi\u00e9.<\/p>\t\t\t\t\t\t\t\t<\/div>\n\t\t\t\t<\/div>\n\t\t\t\t\t<\/div>\n\t\t\t\t<\/div>\n\t\t\t\t<\/div>\n\t\t","protected":false},"excerpt":{"rendered":"<p>D\u00e9shydratation sur prestation professionnelle pour les communes et l&rsquo;industrie Lorsque vos propres capacit\u00e9s sont insuffisantes ou que les installations fixes doivent \u00eatre entretenues, la d\u00e9shydratation sur prestation est la solution la plus \u00e9conomique. FILTECH vous propose la d\u00e9shydratation compl\u00e8te des boues en tant que service, incluant des machines de pointe et un personnel d&rsquo;exploitation exp\u00e9riment\u00e9. [&hellip;]<\/p>\n","protected":false},"author":1,"featured_media":0,"parent":0,"menu_order":0,"comment_status":"closed","ping_status":"closed","template":"","meta":{"_acf_changed":false,"footnotes":""},"class_list":["post-3694","page","type-page","status-publish","hentry"],"acf":[],"yoast_head":"<!-- This site is optimized with the Yoast SEO plugin v27.2 - https:\/\/yoast.com\/product\/yoast-seo-wordpress\/ -->\n<title>D\u00e9shydratation sur prestation pour stations d&#039;\u00e9puration | Centrifugeuses d\u00e9canteuses mobiles<\/title>\n<meta name=\"description\" content=\"D\u00e9shydratation sur prestation mobile avec service complet. R\u00e9duisez le volume des boues, les co\u00fbts et la charge de travail avec notre personnel qualifi\u00e9.\" \/>\n<meta name=\"robots\" content=\"index, follow, max-snippet:-1, max-image-preview:large, max-video-preview:-1\" \/>\n<link rel=\"canonical\" href=\"https:\/\/filtech.ch\/fr\/deshydratation-sur-prestation\/\" \/>\n<meta property=\"og:locale\" content=\"fr_FR\" \/>\n<meta property=\"og:type\" content=\"article\" \/>\n<meta property=\"og:title\" content=\"D\u00e9shydratation sur prestation pour stations d&#039;\u00e9puration | Centrifugeuses d\u00e9canteuses mobiles\" \/>\n<meta property=\"og:description\" content=\"D\u00e9shydratation sur prestation mobile avec service complet. R\u00e9duisez le volume des boues, les co\u00fbts et la charge de travail avec notre personnel qualifi\u00e9.\" \/>\n<meta property=\"og:url\" content=\"https:\/\/filtech.ch\/fr\/deshydratation-sur-prestation\/\" \/>\n<meta property=\"og:site_name\" content=\"Filtech\" \/>\n<meta property=\"article:modified_time\" content=\"2026-04-15T13:56:38+00:00\" \/>\n<meta property=\"og:image\" content=\"https:\/\/filtech.ch\/wp-content\/uploads\/2025\/12\/Lohnentwaesserungen.jpg\" \/>\n\t<meta property=\"og:image:width\" content=\"600\" \/>\n\t<meta property=\"og:image:height\" content=\"600\" \/>\n\t<meta property=\"og:image:type\" content=\"image\/jpeg\" \/>\n<meta name=\"twitter:card\" content=\"summary_large_image\" \/>\n<meta name=\"twitter:label1\" content=\"Dur\u00e9e de lecture estim\u00e9e\" \/>\n\t<meta name=\"twitter:data1\" content=\"2 minutes\" \/>\n<script type=\"application\/ld+json\" class=\"yoast-schema-graph\">{\"@context\":\"https:\/\/schema.org\",\"@graph\":[{\"@type\":\"WebPage\",\"@id\":\"https:\/\/filtech.ch\/fr\/deshydratation-sur-prestation\/\",\"url\":\"https:\/\/filtech.ch\/fr\/deshydratation-sur-prestation\/\",\"name\":\"D\u00e9shydratation sur prestation pour stations d'\u00e9puration | Centrifugeuses d\u00e9canteuses mobiles\",\"isPartOf\":{\"@id\":\"https:\/\/filtech.ch\/fr\/#website\"},\"primaryImageOfPage\":{\"@id\":\"https:\/\/filtech.ch\/fr\/deshydratation-sur-prestation\/#primaryimage\"},\"image\":{\"@id\":\"https:\/\/filtech.ch\/fr\/deshydratation-sur-prestation\/#primaryimage\"},\"thumbnailUrl\":\"https:\/\/filtech.ch\/wp-content\/uploads\/2025\/12\/Lohnentwaesserungen.jpg\",\"datePublished\":\"2026-04-13T12:15:32+00:00\",\"dateModified\":\"2026-04-15T13:56:38+00:00\",\"description\":\"D\u00e9shydratation sur prestation mobile avec service complet. R\u00e9duisez le volume des boues, les co\u00fbts et la charge de travail avec notre personnel qualifi\u00e9.\",\"breadcrumb\":{\"@id\":\"https:\/\/filtech.ch\/fr\/deshydratation-sur-prestation\/#breadcrumb\"},\"inLanguage\":\"fr-FR\",\"potentialAction\":[{\"@type\":\"ReadAction\",\"target\":[\"https:\/\/filtech.ch\/fr\/deshydratation-sur-prestation\/\"]}]},{\"@type\":\"ImageObject\",\"inLanguage\":\"fr-FR\",\"@id\":\"https:\/\/filtech.ch\/fr\/deshydratation-sur-prestation\/#primaryimage\",\"url\":\"https:\/\/filtech.ch\/wp-content\/uploads\/2025\/12\/Lohnentwaesserungen.jpg\",\"contentUrl\":\"https:\/\/filtech.ch\/wp-content\/uploads\/2025\/12\/Lohnentwaesserungen.jpg\"},{\"@type\":\"BreadcrumbList\",\"@id\":\"https:\/\/filtech.ch\/fr\/deshydratation-sur-prestation\/#breadcrumb\",\"itemListElement\":[{\"@type\":\"ListItem\",\"position\":1,\"name\":\"Startseite\",\"item\":\"https:\/\/filtech.ch\/fr\/home-2\/\"},{\"@type\":\"ListItem\",\"position\":2,\"name\":\"D\u00e9shydratation sur prestation\"}]},{\"@type\":\"WebSite\",\"@id\":\"https:\/\/filtech.ch\/fr\/#website\",\"url\":\"https:\/\/filtech.ch\/fr\/\",\"name\":\"Filtech Entw\u00e4sserungen AG\",\"description\":\"\",\"publisher\":{\"@id\":\"https:\/\/filtech.ch\/fr\/#organization\"},\"alternateName\":\"Filtech\",\"potentialAction\":[{\"@type\":\"SearchAction\",\"target\":{\"@type\":\"EntryPoint\",\"urlTemplate\":\"https:\/\/filtech.ch\/fr\/?s={search_term_string}\"},\"query-input\":{\"@type\":\"PropertyValueSpecification\",\"valueRequired\":true,\"valueName\":\"search_term_string\"}}],\"inLanguage\":\"fr-FR\"},{\"@type\":\"Organization\",\"@id\":\"https:\/\/filtech.ch\/fr\/#organization\",\"name\":\"Filtech Entw\u00e4sserungen AG\",\"url\":\"https:\/\/filtech.ch\/fr\/\",\"logo\":{\"@type\":\"ImageObject\",\"inLanguage\":\"fr-FR\",\"@id\":\"https:\/\/filtech.ch\/fr\/#\/schema\/logo\/image\/\",\"url\":\"https:\/\/filtech.ch\/wp-content\/uploads\/2025\/09\/logo.png\",\"contentUrl\":\"https:\/\/filtech.ch\/wp-content\/uploads\/2025\/09\/logo.png\",\"width\":958,\"height\":309,\"caption\":\"Filtech Entw\u00e4sserungen AG\"},\"image\":{\"@id\":\"https:\/\/filtech.ch\/fr\/#\/schema\/logo\/image\/\"},\"sameAs\":[\"https:\/\/www.linkedin.com\/company\/filtech-entw\u00e4sserung-ag\/posts\/?feedView=all\"]}]}<\/script>\n<!-- \/ Yoast SEO plugin. -->","yoast_head_json":{"title":"D\u00e9shydratation sur prestation pour stations d'\u00e9puration | Centrifugeuses d\u00e9canteuses mobiles","description":"D\u00e9shydratation sur prestation mobile avec service complet. R\u00e9duisez le volume des boues, les co\u00fbts et la charge de travail avec notre personnel qualifi\u00e9.","robots":{"index":"index","follow":"follow","max-snippet":"max-snippet:-1","max-image-preview":"max-image-preview:large","max-video-preview":"max-video-preview:-1"},"canonical":"https:\/\/filtech.ch\/fr\/deshydratation-sur-prestation\/","og_locale":"fr_FR","og_type":"article","og_title":"D\u00e9shydratation sur prestation pour stations d'\u00e9puration | Centrifugeuses d\u00e9canteuses mobiles","og_description":"D\u00e9shydratation sur prestation mobile avec service complet. R\u00e9duisez le volume des boues, les co\u00fbts et la charge de travail avec notre personnel qualifi\u00e9.","og_url":"https:\/\/filtech.ch\/fr\/deshydratation-sur-prestation\/","og_site_name":"Filtech","article_modified_time":"2026-04-15T13:56:38+00:00","og_image":[{"width":600,"height":600,"url":"https:\/\/filtech.ch\/wp-content\/uploads\/2025\/12\/Lohnentwaesserungen.jpg","type":"image\/jpeg"}],"twitter_card":"summary_large_image","twitter_misc":{"Dur\u00e9e de lecture estim\u00e9e":"2 minutes"},"schema":{"@context":"https:\/\/schema.org","@graph":[{"@type":"WebPage","@id":"https:\/\/filtech.ch\/fr\/deshydratation-sur-prestation\/","url":"https:\/\/filtech.ch\/fr\/deshydratation-sur-prestation\/","name":"D\u00e9shydratation sur prestation pour stations d'\u00e9puration | Centrifugeuses d\u00e9canteuses mobiles","isPartOf":{"@id":"https:\/\/filtech.ch\/fr\/#website"},"primaryImageOfPage":{"@id":"https:\/\/filtech.ch\/fr\/deshydratation-sur-prestation\/#primaryimage"},"image":{"@id":"https:\/\/filtech.ch\/fr\/deshydratation-sur-prestation\/#primaryimage"},"thumbnailUrl":"https:\/\/filtech.ch\/wp-content\/uploads\/2025\/12\/Lohnentwaesserungen.jpg","datePublished":"2026-04-13T12:15:32+00:00","dateModified":"2026-04-15T13:56:38+00:00","description":"D\u00e9shydratation sur prestation mobile avec service complet. R\u00e9duisez le volume des boues, les co\u00fbts et la charge de travail avec notre personnel qualifi\u00e9.","breadcrumb":{"@id":"https:\/\/filtech.ch\/fr\/deshydratation-sur-prestation\/#breadcrumb"},"inLanguage":"fr-FR","potentialAction":[{"@type":"ReadAction","target":["https:\/\/filtech.ch\/fr\/deshydratation-sur-prestation\/"]}]},{"@type":"ImageObject","inLanguage":"fr-FR","@id":"https:\/\/filtech.ch\/fr\/deshydratation-sur-prestation\/#primaryimage","url":"https:\/\/filtech.ch\/wp-content\/uploads\/2025\/12\/Lohnentwaesserungen.jpg","contentUrl":"https:\/\/filtech.ch\/wp-content\/uploads\/2025\/12\/Lohnentwaesserungen.jpg"},{"@type":"BreadcrumbList","@id":"https:\/\/filtech.ch\/fr\/deshydratation-sur-prestation\/#breadcrumb","itemListElement":[{"@type":"ListItem","position":1,"name":"Startseite","item":"https:\/\/filtech.ch\/fr\/home-2\/"},{"@type":"ListItem","position":2,"name":"D\u00e9shydratation sur prestation"}]},{"@type":"WebSite","@id":"https:\/\/filtech.ch\/fr\/#website","url":"https:\/\/filtech.ch\/fr\/","name":"Filtech Entw\u00e4sserungen AG","description":"","publisher":{"@id":"https:\/\/filtech.ch\/fr\/#organization"},"alternateName":"Filtech","potentialAction":[{"@type":"SearchAction","target":{"@type":"EntryPoint","urlTemplate":"https:\/\/filtech.ch\/fr\/?s={search_term_string}"},"query-input":{"@type":"PropertyValueSpecification","valueRequired":true,"valueName":"search_term_string"}}],"inLanguage":"fr-FR"},{"@type":"Organization","@id":"https:\/\/filtech.ch\/fr\/#organization","name":"Filtech Entw\u00e4sserungen AG","url":"https:\/\/filtech.ch\/fr\/","logo":{"@type":"ImageObject","inLanguage":"fr-FR","@id":"https:\/\/filtech.ch\/fr\/#\/schema\/logo\/image\/","url":"https:\/\/filtech.ch\/wp-content\/uploads\/2025\/09\/logo.png","contentUrl":"https:\/\/filtech.ch\/wp-content\/uploads\/2025\/09\/logo.png","width":958,"height":309,"caption":"Filtech Entw\u00e4sserungen AG"},"image":{"@id":"https:\/\/filtech.ch\/fr\/#\/schema\/logo\/image\/"},"sameAs":["https:\/\/www.linkedin.com\/company\/filtech-entw\u00e4sserung-ag\/posts\/?feedView=all"]}]}},"_links":{"self":[{"href":"https:\/\/filtech.ch\/fr\/wp-json\/wp\/v2\/pages\/3694","targetHints":{"allow":["GET"]}}],"collection":[{"href":"https:\/\/filtech.ch\/fr\/wp-json\/wp\/v2\/pages"}],"about":[{"href":"https:\/\/filtech.ch\/fr\/wp-json\/wp\/v2\/types\/page"}],"author":[{"embeddable":true,"href":"https:\/\/filtech.ch\/fr\/wp-json\/wp\/v2\/users\/1"}],"replies":[{"embeddable":true,"href":"https:\/\/filtech.ch\/fr\/wp-json\/wp\/v2\/comments?post=3694"}],"version-history":[{"count":1,"href":"https:\/\/filtech.ch\/fr\/wp-json\/wp\/v2\/pages\/3694\/revisions"}],"predecessor-version":[{"id":3695,"href":"https:\/\/filtech.ch\/fr\/wp-json\/wp\/v2\/pages\/3694\/revisions\/3695"}],"wp:attachment":[{"href":"https:\/\/filtech.ch\/fr\/wp-json\/wp\/v2\/media?parent=3694"}],"curies":[{"name":"wp","href":"https:\/\/api.w.org\/{rel}","templated":true}]}}